{"id":15078,"date":"2021-10-11T15:15:57","date_gmt":"2021-10-11T15:15:57","guid":{"rendered":"https:\/\/languages4kids.com\/?post_type=product&#038;p=15078"},"modified":"2025-06-20T16:40:10","modified_gmt":"2025-06-20T16:40:10","slug":"doctora-de-munecas","status":"publish","type":"product","link":"https:\/\/languages4kidz.com\/?product=doctora-de-munecas","title":{"rendered":"Doctora de mu\u00f1ecas"},"content":{"rendered":"\t\t<div data-elementor-type=\"product-post\" data-elementor-id=\"15078\" class=\"elementor elementor-15078\" data-elementor-post-type=\"product\">\n\t\t\t\t\t\t<section class=\"elementor-section elementor-top-section elementor-element elementor-element-4416f446 elementor-section-boxed elementor-section-height-default elementor-section-height-default\" data-id=\"4416f446\" data-element_type=\"section\" data-e-type=\"section\">\n\t\t\t\t\t\t<div class=\"elementor-container elementor-column-gap-default\">\n\t\t\t\t\t<div class=\"elementor-column elementor-col-100 elementor-top-column elementor-element elementor-element-2153e1f0\" data-id=\"2153e1f0\" data-element_type=\"column\" data-e-type=\"column\">\n\t\t\t<div class=\"elementor-widget-wrap elementor-element-populated\">\n\t\t\t\t\t\t<div class=\"elementor-element elementor-element-40139c1c elementor-widget elementor-widget-text-editor\" data-id=\"40139c1c\" data-element_type=\"widget\" data-e-type=\"widget\" data-widget_type=\"text-editor.default\">\n\t\t\t\t<div class=\"elementor-widget-container\">\n\t\t\t\t\t\t\t\t\t<p>Esta es una historia sobre el cari\u00f1o, la compasi\u00f3n, el aprecio, el compartir y disfrutar al m\u00e1ximo de nuestros queridos juguetes desde la infancia. La abuela de Margarita se convierte en Doctora en Mu\u00f1ecas y abre un taller en su peque\u00f1a ciudad. Esta es una hermosa historia con una obra de arte brillante y colorida y un vocabulario sencillo que modela cualidades y valores que son esenciales para el desarrollo del \u201cni\u00f1o completo\u201d.<\/p>\t\t\t\t\t\t\t\t<\/div>\n\t\t\t\t<\/div>\n\t\t\t\t\t<\/div>\n\t\t<\/div>\n\t\t\t\t\t<\/div>\n\t\t<\/section>\n\t\t\t\t<section class=\"elementor-section elementor-top-section elementor-element elementor-element-fc3fc30 elementor-section-boxed elementor-section-height-default elementor-section-height-default\" data-id=\"fc3fc30\" data-element_type=\"section\" data-e-type=\"section\">\n\t\t\t\t\t\t<div class=\"elementor-container elementor-column-gap-default\">\n\t\t\t\t\t<div class=\"elementor-column elementor-col-100 elementor-top-column elementor-element elementor-element-fb30139\" data-id=\"fb30139\" data-element_type=\"column\" data-e-type=\"column\">\n\t\t\t<div class=\"elementor-widget-wrap elementor-element-populated\">\n\t\t\t\t\t\t<div class=\"elementor-element elementor-element-30bc3b0 elementor-widget elementor-widget-button\" data-id=\"30bc3b0\" data-element_type=\"widget\" data-e-type=\"widget\" data-widget_type=\"button.default\">\n\t\t\t\t<div class=\"elementor-widget-container\">\n\t\t\t\t\t\t\t\t\t<div class=\"elementor-button-wrapper\">\n\t\t\t\t\t<a class=\"elementor-button elementor-button-link elementor-size-sm\" href=\"https:\/\/languages4kidz.com\/?page_id=9364\">\n\t\t\t\t\t\t<span class=\"elementor-button-content-wrapper\">\n\t\t\t\t\t\t\t\t\t<span class=\"elementor-button-text\">Interactive Activities<\/span>\n\t\t\t\t\t<\/span>\n\t\t\t\t\t<\/a>\n\t\t\t\t<\/div>\n\t\t\t\t\t\t\t\t<\/div>\n\t\t\t\t<\/div>\n\t\t\t\t\t<\/div>\n\t\t<\/div>\n\t\t\t\t\t<\/div>\n\t\t<\/section>\n\t\t\t\t<\/div>\n\t\t","protected":false},"excerpt":{"rendered":"<p><span style=\"color: #000000;\">Esta es una historia que nos ense\u00f1a a cuidar, tener compasi\u00f3n, apreciar, compartir y disfrutar de nuestros queridos juguetes desde nuestra infancia. La abuela de Margarita se convierte en la doctora de mu\u00f1ecas del pueblo despu\u00e9s de reparar la mu\u00f1eca rota de Margarita.<\/span><\/p>\n","protected":false},"featured_media":15106,"comment_status":"closed","ping_status":"closed","template":"","meta":[],"product_brand":[],"product_cat":[90,104],"product_tag":[63,81,82,83,84,85,69,86,87,88],"class_list":{"0":"post-15078","1":"product","2":"type-product","3":"status-publish","4":"has-post-thumbnail","6":"product_cat-spanish-books","7":"product_cat-young-children","8":"product_tag-bilingual-education","9":"product_tag-ebooks-en-espanol","10":"product_tag-educacion-bilingue","11":"product_tag-educacion-infantil","12":"product_tag-escuelas-y-ensenanza","13":"product_tag-kindergarden","14":"product_tag-kindergarten","15":"product_tag-lecturas-cortas","16":"product_tag-libros-para-ninos","17":"product_tag-preescolar-y-guarderias","18":"product_shipping_class-picture-books","20":"first","21":"instock","22":"downloadable","23":"shipping-taxable","24":"product-type-simple"},"_links":{"self":[{"href":"https:\/\/languages4kidz.com\/index.php?rest_route=\/wp\/v2\/product\/15078","targetHints":{"allow":["GET"]}}],"collection":[{"href":"https:\/\/languages4kidz.com\/index.php?rest_route=\/wp\/v2\/product"}],"about":[{"href":"https:\/\/languages4kidz.com\/index.php?rest_route=\/wp\/v2\/types\/product"}],"replies":[{"embeddable":true,"href":"https:\/\/languages4kidz.com\/index.php?rest_route=%2Fwp%2Fv2%2Fcomments&post=15078"}],"version-history":[{"count":8,"href":"https:\/\/languages4kidz.com\/index.php?rest_route=\/wp\/v2\/product\/15078\/revisions"}],"predecessor-version":[{"id":18135,"href":"https:\/\/languages4kidz.com\/index.php?rest_route=\/wp\/v2\/product\/15078\/revisions\/18135"}],"wp:featuredmedia":[{"embeddable":true,"href":"https:\/\/languages4kidz.com\/index.php?rest_route=\/wp\/v2\/media\/15106"}],"wp:attachment":[{"href":"https:\/\/languages4kidz.com\/index.php?rest_route=%2Fwp%2Fv2%2Fmedia&parent=15078"}],"wp:term":[{"taxonomy":"product_brand","embeddable":true,"href":"https:\/\/languages4kidz.com\/index.php?rest_route=%2Fwp%2Fv2%2Fproduct_brand&post=15078"},{"taxonomy":"product_cat","embeddable":true,"href":"https:\/\/languages4kidz.com\/index.php?rest_route=%2Fwp%2Fv2%2Fproduct_cat&post=15078"},{"taxonomy":"product_tag","embeddable":true,"href":"https:\/\/languages4kidz.com\/index.php?rest_route=%2Fwp%2Fv2%2Fproduct_tag&post=15078"}],"curies":[{"name":"wp","href":"https:\/\/api.w.org\/{rel}","templated":true}]}}