{"id":15076,"date":"2021-10-11T15:15:56","date_gmt":"2021-10-11T15:15:56","guid":{"rendered":"https:\/\/languages4kids.com\/?post_type=product&#038;p=15076"},"modified":"2025-06-22T15:30:57","modified_gmt":"2025-06-22T15:30:57","slug":"puedes-hacer-lo-que-yo-puedo-hacer","status":"publish","type":"product","link":"https:\/\/languages4kidz.com\/?product=puedes-hacer-lo-que-yo-puedo-hacer","title":{"rendered":"\u00bfPuedes hacer lo que yo puedo hacer?"},"content":{"rendered":"\t\t<div data-elementor-type=\"product-post\" data-elementor-id=\"15076\" class=\"elementor elementor-15076\" data-elementor-post-type=\"product\">\n\t\t\t\t\t\t<section class=\"elementor-section elementor-top-section elementor-element elementor-element-2443c9b8 elementor-section-boxed elementor-section-height-default elementor-section-height-default\" data-id=\"2443c9b8\" data-element_type=\"section\" data-e-type=\"section\">\n\t\t\t\t\t\t<div class=\"elementor-container elementor-column-gap-default\">\n\t\t\t\t\t<div class=\"elementor-column elementor-col-100 elementor-top-column elementor-element elementor-element-43e6157\" data-id=\"43e6157\" data-element_type=\"column\" data-e-type=\"column\">\n\t\t\t<div class=\"elementor-widget-wrap elementor-element-populated\">\n\t\t\t\t\t\t<div class=\"elementor-element elementor-element-3274a47d elementor-widget elementor-widget-text-editor\" data-id=\"3274a47d\" data-element_type=\"widget\" data-e-type=\"widget\" data-widget_type=\"text-editor.default\">\n\t\t\t\t<div class=\"elementor-widget-container\">\n\t\t\t\t\t\t\t\t\t<p>Este lindo libro ayuda a los ni\u00f1os a apreciar todo lo que pueden hacer sus incre\u00edbles cuerpos. Es un libro que anima a los ni\u00f1os a explorar sus cuerpos y las muchas formas en que pueden moverse.<\/p><p>Mediante oraciones sencillas, se anima a los ni\u00f1os a escuchar, ejercitar, imitar y mostrar lo que pueden hacer. Tambi\u00e9n fomenta la autoestima, la confianza en uno mismo y la alegr\u00eda. Es un libro escrito con oraciones simples, utilizando la repetici\u00f3n y frases con las que queremos que los ni\u00f1os se familiaricen.<\/p><p>\u00a0<\/p>\t\t\t\t\t\t\t\t<\/div>\n\t\t\t\t<\/div>\n\t\t\t\t\t<\/div>\n\t\t<\/div>\n\t\t\t\t\t<\/div>\n\t\t<\/section>\n\t\t\t\t<section class=\"elementor-section elementor-top-section elementor-element elementor-element-dfde35c elementor-section-boxed elementor-section-height-default elementor-section-height-default\" data-id=\"dfde35c\" data-element_type=\"section\" data-e-type=\"section\">\n\t\t\t\t\t\t<div class=\"elementor-container elementor-column-gap-default\">\n\t\t\t\t\t<div class=\"elementor-column elementor-col-100 elementor-top-column elementor-element elementor-element-1b353e3\" data-id=\"1b353e3\" data-element_type=\"column\" data-e-type=\"column\">\n\t\t\t<div class=\"elementor-widget-wrap elementor-element-populated\">\n\t\t\t\t\t\t<div class=\"elementor-element elementor-element-64392ee elementor-widget elementor-widget-button\" data-id=\"64392ee\" data-element_type=\"widget\" data-e-type=\"widget\" data-widget_type=\"button.default\">\n\t\t\t\t<div class=\"elementor-widget-container\">\n\t\t\t\t\t\t\t\t\t<div class=\"elementor-button-wrapper\">\n\t\t\t\t\t<a class=\"elementor-button elementor-button-link elementor-size-sm\" href=\"https:\/\/languages4kidz.com\/?page_id=9389\">\n\t\t\t\t\t\t<span class=\"elementor-button-content-wrapper\">\n\t\t\t\t\t\t\t\t\t<span class=\"elementor-button-text\">Interactive Activities<\/span>\n\t\t\t\t\t<\/span>\n\t\t\t\t\t<\/a>\n\t\t\t\t<\/div>\n\t\t\t\t\t\t\t\t<\/div>\n\t\t\t\t<\/div>\n\t\t\t\t\t<\/div>\n\t\t<\/div>\n\t\t\t\t\t<\/div>\n\t\t<\/section>\n\t\t\t\t<\/div>\n\t\t","protected":false},"excerpt":{"rendered":"<p><span style=\"color: #282828;\">Un ni\u00f1o peque\u00f1ito explora las muchas cosas que puede hacer y c\u00f3mo le encanta mostr\u00e1rselo a los dem\u00e1s.\u00a0<\/span><\/p>\n<p>&nbsp;<\/p>\n","protected":false},"featured_media":15104,"comment_status":"closed","ping_status":"closed","template":"","meta":[],"product_brand":[],"product_cat":[90,103],"product_tag":[63,81,82,83,84,85,69,86,87,88],"class_list":{"0":"post-15076","1":"product","2":"type-product","3":"status-publish","4":"has-post-thumbnail","6":"product_cat-spanish-books","7":"product_cat-preschoolers","8":"product_tag-bilingual-education","9":"product_tag-ebooks-en-espanol","10":"product_tag-educacion-bilingue","11":"product_tag-educacion-infantil","12":"product_tag-escuelas-y-ensenanza","13":"product_tag-kindergarden","14":"product_tag-kindergarten","15":"product_tag-lecturas-cortas","16":"product_tag-libros-para-ninos","17":"product_tag-preescolar-y-guarderias","18":"product_shipping_class-picture-books","20":"first","21":"instock","22":"downloadable","23":"shipping-taxable","24":"product-type-simple"},"_links":{"self":[{"href":"https:\/\/languages4kidz.com\/index.php?rest_route=\/wp\/v2\/product\/15076","targetHints":{"allow":["GET"]}}],"collection":[{"href":"https:\/\/languages4kidz.com\/index.php?rest_route=\/wp\/v2\/product"}],"about":[{"href":"https:\/\/languages4kidz.com\/index.php?rest_route=\/wp\/v2\/types\/product"}],"replies":[{"embeddable":true,"href":"https:\/\/languages4kidz.com\/index.php?rest_route=%2Fwp%2Fv2%2Fcomments&post=15076"}],"version-history":[{"count":10,"href":"https:\/\/languages4kidz.com\/index.php?rest_route=\/wp\/v2\/product\/15076\/revisions"}],"predecessor-version":[{"id":18368,"href":"https:\/\/languages4kidz.com\/index.php?rest_route=\/wp\/v2\/product\/15076\/revisions\/18368"}],"wp:featuredmedia":[{"embeddable":true,"href":"https:\/\/languages4kidz.com\/index.php?rest_route=\/wp\/v2\/media\/15104"}],"wp:attachment":[{"href":"https:\/\/languages4kidz.com\/index.php?rest_route=%2Fwp%2Fv2%2Fmedia&parent=15076"}],"wp:term":[{"taxonomy":"product_brand","embeddable":true,"href":"https:\/\/languages4kidz.com\/index.php?rest_route=%2Fwp%2Fv2%2Fproduct_brand&post=15076"},{"taxonomy":"product_cat","embeddable":true,"href":"https:\/\/languages4kidz.com\/index.php?rest_route=%2Fwp%2Fv2%2Fproduct_cat&post=15076"},{"taxonomy":"product_tag","embeddable":true,"href":"https:\/\/languages4kidz.com\/index.php?rest_route=%2Fwp%2Fv2%2Fproduct_tag&post=15076"}],"curies":[{"name":"wp","href":"https:\/\/api.w.org\/{rel}","templated":true}]}}