{"id":15048,"date":"2021-10-11T15:15:53","date_gmt":"2021-10-11T15:15:53","guid":{"rendered":"https:\/\/languages4kids.com\/?post_type=product&#038;p=15048"},"modified":"2025-06-20T07:30:27","modified_gmt":"2025-06-20T07:30:27","slug":"hora-de-despertarse-y-empezar","status":"publish","type":"product","link":"https:\/\/languages4kidz.com\/?product=hora-de-despertarse-y-empezar","title":{"rendered":"Hora de despertarse y empezar"},"content":{"rendered":"\t\t<div data-elementor-type=\"product-post\" data-elementor-id=\"15048\" class=\"elementor elementor-15048\" data-elementor-post-type=\"product\">\n\t\t\t\t\t\t<section class=\"elementor-section elementor-top-section elementor-element elementor-element-16dfc17a elementor-section-boxed elementor-section-height-default elementor-section-height-default\" data-id=\"16dfc17a\" data-element_type=\"section\" data-e-type=\"section\">\n\t\t\t\t\t\t<div class=\"elementor-container elementor-column-gap-default\">\n\t\t\t\t\t<div class=\"elementor-column elementor-col-100 elementor-top-column elementor-element elementor-element-9df1b76\" data-id=\"9df1b76\" data-element_type=\"column\" data-e-type=\"column\">\n\t\t\t<div class=\"elementor-widget-wrap elementor-element-populated\">\n\t\t\t\t\t\t<div class=\"elementor-element elementor-element-76f20cb3 elementor-widget elementor-widget-text-editor\" data-id=\"76f20cb3\" data-element_type=\"widget\" data-e-type=\"widget\" data-widget_type=\"text-editor.default\">\n\t\t\t\t<div class=\"elementor-widget-container\">\n\t\t\t\t\t\t\t\t\tEste encantador libro presenta a un dulce ni\u00f1o y su mam\u00e1 participando en diferentes actividades durante el d\u00eda. El vocabulario simple, las oraciones cortas y las palabras que riman describen todas las actividades en las que participan, desde la hora de levantarse hasta la hora de jugar, la hora del ba\u00f1o y la hora de acostarse. El libro tiene caracter\u00edsticas espec\u00edficas como los sonidos onomatop\u00e9yicos que encantan e involucran a los ni\u00f1os peque\u00f1os que se ven reflejados en las situaciones familiares retratadas.\t\t\t\t\t\t\t\t<\/div>\n\t\t\t\t<\/div>\n\t\t\t\t\t<\/div>\n\t\t<\/div>\n\t\t\t\t\t<\/div>\n\t\t<\/section>\n\t\t\t\t<section class=\"elementor-section elementor-top-section elementor-element elementor-element-07402d7 elementor-section-boxed elementor-section-height-default elementor-section-height-default\" data-id=\"07402d7\" data-element_type=\"section\" data-e-type=\"section\">\n\t\t\t\t\t\t<div class=\"elementor-container elementor-column-gap-default\">\n\t\t\t\t\t<div class=\"elementor-column elementor-col-100 elementor-top-column elementor-element elementor-element-d03774e\" data-id=\"d03774e\" data-element_type=\"column\" data-e-type=\"column\">\n\t\t\t<div class=\"elementor-widget-wrap elementor-element-populated\">\n\t\t\t\t\t\t<div class=\"elementor-element elementor-element-a5fb633 elementor-widget elementor-widget-button\" data-id=\"a5fb633\" data-element_type=\"widget\" data-e-type=\"widget\" data-widget_type=\"button.default\">\n\t\t\t\t<div class=\"elementor-widget-container\">\n\t\t\t\t\t\t\t\t\t<div class=\"elementor-button-wrapper\">\n\t\t\t\t\t<a class=\"elementor-button elementor-button-link elementor-size-sm\" href=\"https:\/\/languages4kidz.com\/?page_id=8952\">\n\t\t\t\t\t\t<span class=\"elementor-button-content-wrapper\">\n\t\t\t\t\t\t\t\t\t<span class=\"elementor-button-text\">Interactive Activities<\/span>\n\t\t\t\t\t<\/span>\n\t\t\t\t\t<\/a>\n\t\t\t\t<\/div>\n\t\t\t\t\t\t\t\t<\/div>\n\t\t\t\t<\/div>\n\t\t\t\t\t<\/div>\n\t\t<\/div>\n\t\t\t\t\t<\/div>\n\t\t<\/section>\n\t\t\t\t<\/div>\n\t\t","protected":false},"excerpt":{"rendered":"<p>Este encantador libro presenta a un dulce ni\u00f1o y su mam\u00e1 participando en diferentes actividades durante el d\u00eda. El vocabulario simple, las oraciones cortas y las palabras que riman describen todas las actividades en las que participan, desde la hora de levantarse hasta la hora de jugar, la hora del ba\u00f1o y la hora de [&hellip;]<\/p>\n","protected":false},"featured_media":14747,"comment_status":"closed","ping_status":"closed","template":"","meta":[],"product_brand":[],"product_cat":[90,102],"product_tag":[],"class_list":{"0":"post-15048","1":"product","2":"type-product","3":"status-publish","4":"has-post-thumbnail","6":"product_cat-spanish-books","7":"product_cat-toddlers","9":"first","10":"instock","11":"downloadable","12":"shipping-taxable","13":"product-type-simple"},"_links":{"self":[{"href":"https:\/\/languages4kidz.com\/index.php?rest_route=\/wp\/v2\/product\/15048","targetHints":{"allow":["GET"]}}],"collection":[{"href":"https:\/\/languages4kidz.com\/index.php?rest_route=\/wp\/v2\/product"}],"about":[{"href":"https:\/\/languages4kidz.com\/index.php?rest_route=\/wp\/v2\/types\/product"}],"replies":[{"embeddable":true,"href":"https:\/\/languages4kidz.com\/index.php?rest_route=%2Fwp%2Fv2%2Fcomments&post=15048"}],"version-history":[{"count":5,"href":"https:\/\/languages4kidz.com\/index.php?rest_route=\/wp\/v2\/product\/15048\/revisions"}],"predecessor-version":[{"id":17960,"href":"https:\/\/languages4kidz.com\/index.php?rest_route=\/wp\/v2\/product\/15048\/revisions\/17960"}],"wp:featuredmedia":[{"embeddable":true,"href":"https:\/\/languages4kidz.com\/index.php?rest_route=\/wp\/v2\/media\/14747"}],"wp:attachment":[{"href":"https:\/\/languages4kidz.com\/index.php?rest_route=%2Fwp%2Fv2%2Fmedia&parent=15048"}],"wp:term":[{"taxonomy":"product_brand","embeddable":true,"href":"https:\/\/languages4kidz.com\/index.php?rest_route=%2Fwp%2Fv2%2Fproduct_brand&post=15048"},{"taxonomy":"product_cat","embeddable":true,"href":"https:\/\/languages4kidz.com\/index.php?rest_route=%2Fwp%2Fv2%2Fproduct_cat&post=15048"},{"taxonomy":"product_tag","embeddable":true,"href":"https:\/\/languages4kidz.com\/index.php?rest_route=%2Fwp%2Fv2%2Fproduct_tag&post=15048"}],"curies":[{"name":"wp","href":"https:\/\/api.w.org\/{rel}","templated":true}]}}