{"id":14970,"date":"2021-10-11T15:15:32","date_gmt":"2021-10-11T15:15:32","guid":{"rendered":"https:\/\/languages4kids.com\/?post_type=product&#038;p=14970"},"modified":"2025-06-25T15:13:24","modified_gmt":"2025-06-25T15:13:24","slug":"canta-conmigo-vol-5","status":"publish","type":"product","link":"https:\/\/languages4kidz.com\/?product=canta-conmigo-vol-5","title":{"rendered":"Canta conmigo Vol 5"},"content":{"rendered":"<p>Canciones <a href=\"https:\/\/languages4kidz.com\/wp-content\/uploads\/2025\/06\/CantaconmigoVol5.zip\">descargables<\/a> para cantar, jugar y divertirse.<\/p>\n<ol>\n<li>5 ranitas<\/li>\n<li>A la bim-bam-bum<\/li>\n<li>Con mi dedito<\/li>\n<li>Estrellita<\/li>\n<li>Hokey, Pokey<\/li>\n<li>La ara\u00f1a peque\u00f1ita<\/li>\n<li>La brujita Tapita<\/li>\n<li>La hormiguita<\/li>\n<li>La lechuza<\/li>\n<li>La primavera<\/li>\n<li>Las silabas en espa\u00f1ol<\/li>\n<li>Las vocales<\/li>\n<li>Los animales de la granja<\/li>\n<li>Mis cosas favoritas<\/li>\n<li>Palmas, palmitas<\/li>\n<li>Sr. Sol<\/li>\n<li>Un elefante<\/li>\n<li>Un mill\u00f3n de amigos<\/li>\n<li>Vamos al zool\u00f3gico<\/li>\n<li>Veo, veoNota:\n<p>T\u00c9RMINOS DE USO<\/p>\n<p>PUEDE usar las canciones descargables de Languages4kidz para su uso personal.<\/p>\n<p>PUEDE usar las canciones descargables de Languages4kidz para su clase y\/o sus alumnos.<\/p>\n<p>PUEDE revisar el archivo descargable con las canciones de Languages4kidz para recomendarlo a otros, siempre que incluya un enlace directo a esta p\u00e1gina web.<\/p>\n<p>NO PUEDE compartir el archivo descargable con las canciones de Languages4kidz con otras personas.<\/p>\n<p>NO PUEDE copiar el archivo descargable con las canciones de Languages4kidz para que lo usen otros.<\/p>\n<p>NO PUEDE publicar ninguna canci\u00f3n descargable de Languages4kidz en ning\u00fan sitio web, ya sea personal, de aula o de distrito.<\/p>\n<p>NO PUEDE copiar ni modificar ninguna canci\u00f3n descargable de Languages4kidz para ofrecerla gratuitamente o para su venta.<\/li>\n<\/ol>\n<p>&nbsp;<\/p>\n","protected":false},"excerpt":{"rendered":"<p>Canciones descargables para cantar, jugar y divertirse. 5 ranitas A la bim-bam-bum Con mi dedito Estrellita Hokey, Pokey La ara\u00f1a peque\u00f1ita La brujita Tapita La hormiguita La lechuza La primavera Las silabas en espa\u00f1ol Las vocales Los animales de la granja Mis cosas favoritas Palmas, palmitas Sr. Sol Un elefante Un mill\u00f3n de amigos Vamos [&hellip;]<\/p>\n","protected":false},"featured_media":15000,"comment_status":"closed","ping_status":"closed","template":"","meta":[],"product_brand":[],"product_cat":[95],"product_tag":[],"class_list":{"0":"post-14970","1":"product","2":"type-product","3":"status-publish","4":"has-post-thumbnail","6":"product_cat-downloadable-songs","8":"first","9":"instock","10":"downloadable","11":"virtual","12":"product-type-simple"},"_links":{"self":[{"href":"https:\/\/languages4kidz.com\/index.php?rest_route=\/wp\/v2\/product\/14970","targetHints":{"allow":["GET"]}}],"collection":[{"href":"https:\/\/languages4kidz.com\/index.php?rest_route=\/wp\/v2\/product"}],"about":[{"href":"https:\/\/languages4kidz.com\/index.php?rest_route=\/wp\/v2\/types\/product"}],"replies":[{"embeddable":true,"href":"https:\/\/languages4kidz.com\/index.php?rest_route=%2Fwp%2Fv2%2Fcomments&post=14970"}],"version-history":[{"count":3,"href":"https:\/\/languages4kidz.com\/index.php?rest_route=\/wp\/v2\/product\/14970\/revisions"}],"predecessor-version":[{"id":18536,"href":"https:\/\/languages4kidz.com\/index.php?rest_route=\/wp\/v2\/product\/14970\/revisions\/18536"}],"wp:featuredmedia":[{"embeddable":true,"href":"https:\/\/languages4kidz.com\/index.php?rest_route=\/wp\/v2\/media\/15000"}],"wp:attachment":[{"href":"https:\/\/languages4kidz.com\/index.php?rest_route=%2Fwp%2Fv2%2Fmedia&parent=14970"}],"wp:term":[{"taxonomy":"product_brand","embeddable":true,"href":"https:\/\/languages4kidz.com\/index.php?rest_route=%2Fwp%2Fv2%2Fproduct_brand&post=14970"},{"taxonomy":"product_cat","embeddable":true,"href":"https:\/\/languages4kidz.com\/index.php?rest_route=%2Fwp%2Fv2%2Fproduct_cat&post=14970"},{"taxonomy":"product_tag","embeddable":true,"href":"https:\/\/languages4kidz.com\/index.php?rest_route=%2Fwp%2Fv2%2Fproduct_tag&post=14970"}],"curies":[{"name":"wp","href":"https:\/\/api.w.org\/{rel}","templated":true}]}}