{"id":14968,"date":"2021-10-11T15:15:32","date_gmt":"2021-10-11T15:15:32","guid":{"rendered":"https:\/\/languages4kids.com\/?post_type=product&#038;p=14968"},"modified":"2025-06-25T15:14:50","modified_gmt":"2025-06-25T15:14:50","slug":"canta-conmigo-vol-3","status":"publish","type":"product","link":"https:\/\/languages4kidz.com\/?product=canta-conmigo-vol-3","title":{"rendered":"Canta conmigo Vol 3"},"content":{"rendered":"<p>Canciones <a href=\"https:\/\/languages4kidz.com\/wp-content\/uploads\/2025\/06\/CantaconmigoVol3.zip\">descargables<\/a> para cantar, jugar y divertirse.<\/p>\n<ol>\n<li>2 pajaritos<\/li>\n<li>El arco\u00edris de tu comida<\/li>\n<li>El tiempo<\/li>\n<li>Es mi familia<\/li>\n<li>Este se encontr\u00f3 un huevito<\/li>\n<li>La ara\u00f1a peque\u00f1ita<\/li>\n<li>La bruja Tapita<\/li>\n<li>La lechuza<\/li>\n<li>La vaca lechera<\/li>\n<li>Las ruedas del autob\u00fas<\/li>\n<li>Manuelita<\/li>\n<li>Osito de peluche<\/li>\n<li>Si t\u00fa tienes\u2026<\/li>\n<li>Un barquito chiquitito<\/li>\n<li>Un mill\u00f3n de amigos<\/li>\n<\/ol>\n<p>Nota:<\/p>\n<p>T\u00c9RMINOS DE USO<\/p>\n<p>PUEDE usar las canciones descargables de Languages4kidz para su uso personal.<\/p>\n<p>PUEDE usar las canciones descargables de Languages4kidz para su clase y\/o sus alumnos.<\/p>\n<p>PUEDE revisar el archivo descargable con las canciones de Languages4kidz para recomendarlo a otros, siempre que incluya un enlace directo a esta p\u00e1gina web.<\/p>\n<p>NO PUEDE compartir el archivo descargable con las canciones de Languages4kidz con otras personas.<\/p>\n<p>NO PUEDE copiar el archivo descargable con las canciones de Languages4kidz para que lo usen otros.<\/p>\n<p>NO PUEDE publicar ninguna canci\u00f3n descargable de Languages4kidz en ning\u00fan sitio web, ya sea personal, de aula o de distrito.<\/p>\n<p>NO PUEDE copiar ni modificar ninguna canci\u00f3n descargable de Languages4kidz para ofrecerla gratuitamente o para su venta.<\/p>\n<p>&nbsp;<\/p>\n","protected":false},"excerpt":{"rendered":"<p>Canciones descargables para cantar, jugar y divertirse. 2 pajaritos El arco\u00edris de tu comida El tiempo Es mi familia Este se encontr\u00f3 un huevito La ara\u00f1a peque\u00f1ita La bruja Tapita La lechuza La vaca lechera Las ruedas del autob\u00fas Manuelita Osito de peluche Si t\u00fa tienes\u2026 Un barquito chiquitito Un mill\u00f3n de amigos Nota: T\u00c9RMINOS [&hellip;]<\/p>\n","protected":false},"featured_media":14998,"comment_status":"closed","ping_status":"closed","template":"","meta":[],"product_brand":[],"product_cat":[95],"product_tag":[],"class_list":{"0":"post-14968","1":"product","2":"type-product","3":"status-publish","4":"has-post-thumbnail","6":"product_cat-downloadable-songs","8":"first","9":"instock","10":"downloadable","11":"virtual","12":"product-type-simple"},"_links":{"self":[{"href":"https:\/\/languages4kidz.com\/index.php?rest_route=\/wp\/v2\/product\/14968","targetHints":{"allow":["GET"]}}],"collection":[{"href":"https:\/\/languages4kidz.com\/index.php?rest_route=\/wp\/v2\/product"}],"about":[{"href":"https:\/\/languages4kidz.com\/index.php?rest_route=\/wp\/v2\/types\/product"}],"replies":[{"embeddable":true,"href":"https:\/\/languages4kidz.com\/index.php?rest_route=%2Fwp%2Fv2%2Fcomments&post=14968"}],"version-history":[{"count":3,"href":"https:\/\/languages4kidz.com\/index.php?rest_route=\/wp\/v2\/product\/14968\/revisions"}],"predecessor-version":[{"id":18538,"href":"https:\/\/languages4kidz.com\/index.php?rest_route=\/wp\/v2\/product\/14968\/revisions\/18538"}],"wp:featuredmedia":[{"embeddable":true,"href":"https:\/\/languages4kidz.com\/index.php?rest_route=\/wp\/v2\/media\/14998"}],"wp:attachment":[{"href":"https:\/\/languages4kidz.com\/index.php?rest_route=%2Fwp%2Fv2%2Fmedia&parent=14968"}],"wp:term":[{"taxonomy":"product_brand","embeddable":true,"href":"https:\/\/languages4kidz.com\/index.php?rest_route=%2Fwp%2Fv2%2Fproduct_brand&post=14968"},{"taxonomy":"product_cat","embeddable":true,"href":"https:\/\/languages4kidz.com\/index.php?rest_route=%2Fwp%2Fv2%2Fproduct_cat&post=14968"},{"taxonomy":"product_tag","embeddable":true,"href":"https:\/\/languages4kidz.com\/index.php?rest_route=%2Fwp%2Fv2%2Fproduct_tag&post=14968"}],"curies":[{"name":"wp","href":"https:\/\/api.w.org\/{rel}","templated":true}]}}