{"id":14876,"date":"2021-10-11T15:14:55","date_gmt":"2021-10-11T15:14:55","guid":{"rendered":"https:\/\/languages4kids.com\/?post_type=product&#038;p=14876"},"modified":"2025-06-22T15:29:08","modified_gmt":"2025-06-22T15:29:08","slug":"vamos-al-zoologico","status":"publish","type":"product","link":"https:\/\/languages4kidz.com\/?product=vamos-al-zoologico","title":{"rendered":"\u00a1Vamos al zool\u00f3gico!"},"content":{"rendered":"\t\t<div data-elementor-type=\"product-post\" data-elementor-id=\"14876\" class=\"elementor elementor-14876\" data-elementor-post-type=\"product\">\n\t\t\t\t\t\t<section class=\"elementor-section elementor-top-section elementor-element elementor-element-50269573 elementor-section-boxed elementor-section-height-default elementor-section-height-default\" data-id=\"50269573\" data-element_type=\"section\" data-e-type=\"section\">\n\t\t\t\t\t\t<div class=\"elementor-container elementor-column-gap-default\">\n\t\t\t\t\t<div class=\"elementor-column elementor-col-100 elementor-top-column elementor-element elementor-element-46aa29c2\" data-id=\"46aa29c2\" data-element_type=\"column\" data-e-type=\"column\">\n\t\t\t<div class=\"elementor-widget-wrap elementor-element-populated\">\n\t\t\t\t\t\t<div class=\"elementor-element elementor-element-706cb053 elementor-widget elementor-widget-text-editor\" data-id=\"706cb053\" data-element_type=\"widget\" data-e-type=\"widget\" data-widget_type=\"text-editor.default\">\n\t\t\t\t<div class=\"elementor-widget-container\">\n\t\t\t\t\t\t\t\t\t<p>Aprender sobre los animales salvajes siempre es fascinante para los ni\u00f1os e ir a un lugar donde puedan verlos de cerca promueve alegr\u00eda. Esta es una divertida historia sobre un ni\u00f1o que visita el zool\u00f3gico acompa\u00f1ado por su divertido padre. El pap\u00e1 de Miguel sigue confundi\u00e9ndose acerca de las caracter\u00edsticas \u00fanicas de cada animal.<\/p><p>El libro refuerza el amor y la buena relaci\u00f3n entre padre e hijo. Fomenta la confianza en uno mismo y el respeto al mismo tiempo que aumenta el conocimiento y las habilidades ling\u00fc\u00edsticas del lector. Las coloridas ilustraciones est\u00e1n llenas de cosas para que los ni\u00f1os las miren, aprendan y hablen sobre ellas.<\/p><p>\u00a0<\/p>\t\t\t\t\t\t\t\t<\/div>\n\t\t\t\t<\/div>\n\t\t\t\t\t<\/div>\n\t\t<\/div>\n\t\t\t\t\t<\/div>\n\t\t<\/section>\n\t\t\t\t<section class=\"elementor-section elementor-top-section elementor-element elementor-element-f879539 elementor-section-boxed elementor-section-height-default elementor-section-height-default\" data-id=\"f879539\" data-element_type=\"section\" data-e-type=\"section\">\n\t\t\t\t\t\t<div class=\"elementor-container elementor-column-gap-default\">\n\t\t\t\t\t<div class=\"elementor-column elementor-col-100 elementor-top-column elementor-element elementor-element-47411d0\" data-id=\"47411d0\" data-element_type=\"column\" data-e-type=\"column\">\n\t\t\t<div class=\"elementor-widget-wrap elementor-element-populated\">\n\t\t\t\t\t\t<div class=\"elementor-element elementor-element-9777676 elementor-widget elementor-widget-button\" data-id=\"9777676\" data-element_type=\"widget\" data-e-type=\"widget\" data-widget_type=\"button.default\">\n\t\t\t\t<div class=\"elementor-widget-container\">\n\t\t\t\t\t\t\t\t\t<div class=\"elementor-button-wrapper\">\n\t\t\t\t\t<a class=\"elementor-button elementor-button-link elementor-size-sm\" href=\"https:\/\/languages4kidz.com\/?page_id=9232\">\n\t\t\t\t\t\t<span class=\"elementor-button-content-wrapper\">\n\t\t\t\t\t\t\t\t\t<span class=\"elementor-button-text\">Interactive Activities<\/span>\n\t\t\t\t\t<\/span>\n\t\t\t\t\t<\/a>\n\t\t\t\t<\/div>\n\t\t\t\t\t\t\t\t<\/div>\n\t\t\t\t<\/div>\n\t\t\t\t\t<\/div>\n\t\t<\/div>\n\t\t\t\t\t<\/div>\n\t\t<\/section>\n\t\t\t\t<\/div>\n\t\t","protected":false},"excerpt":{"rendered":"<p><span style=\"color: #000000;\">\u00danete a Miguel en esta historia donde relata de una forma divertida su visita al zool\u00f3gico.<\/span><\/p>\n","protected":false},"featured_media":15124,"comment_status":"closed","ping_status":"closed","template":"","meta":[],"product_brand":[],"product_cat":[90,104],"product_tag":[81,82,83,84,85,69,86,87,88],"class_list":{"0":"post-14876","1":"product","2":"type-product","3":"status-publish","4":"has-post-thumbnail","6":"product_cat-spanish-books","7":"product_cat-young-children","8":"product_tag-ebooks-en-espanol","9":"product_tag-educacion-bilingue","10":"product_tag-educacion-infantil","11":"product_tag-escuelas-y-ensenanza","12":"product_tag-kindergarden","13":"product_tag-kindergarten","14":"product_tag-lecturas-cortas","15":"product_tag-libros-para-ninos","16":"product_tag-preescolar-y-guarderias","17":"product_shipping_class-picture-books","19":"first","20":"instock","21":"downloadable","22":"shipping-taxable","23":"product-type-simple"},"_links":{"self":[{"href":"https:\/\/languages4kidz.com\/index.php?rest_route=\/wp\/v2\/product\/14876","targetHints":{"allow":["GET"]}}],"collection":[{"href":"https:\/\/languages4kidz.com\/index.php?rest_route=\/wp\/v2\/product"}],"about":[{"href":"https:\/\/languages4kidz.com\/index.php?rest_route=\/wp\/v2\/types\/product"}],"replies":[{"embeddable":true,"href":"https:\/\/languages4kidz.com\/index.php?rest_route=%2Fwp%2Fv2%2Fcomments&post=14876"}],"version-history":[{"count":7,"href":"https:\/\/languages4kidz.com\/index.php?rest_route=\/wp\/v2\/product\/14876\/revisions"}],"predecessor-version":[{"id":18356,"href":"https:\/\/languages4kidz.com\/index.php?rest_route=\/wp\/v2\/product\/14876\/revisions\/18356"}],"wp:featuredmedia":[{"embeddable":true,"href":"https:\/\/languages4kidz.com\/index.php?rest_route=\/wp\/v2\/media\/15124"}],"wp:attachment":[{"href":"https:\/\/languages4kidz.com\/index.php?rest_route=%2Fwp%2Fv2%2Fmedia&parent=14876"}],"wp:term":[{"taxonomy":"product_brand","embeddable":true,"href":"https:\/\/languages4kidz.com\/index.php?rest_route=%2Fwp%2Fv2%2Fproduct_brand&post=14876"},{"taxonomy":"product_cat","embeddable":true,"href":"https:\/\/languages4kidz.com\/index.php?rest_route=%2Fwp%2Fv2%2Fproduct_cat&post=14876"},{"taxonomy":"product_tag","embeddable":true,"href":"https:\/\/languages4kidz.com\/index.php?rest_route=%2Fwp%2Fv2%2Fproduct_tag&post=14876"}],"curies":[{"name":"wp","href":"https:\/\/api.w.org\/{rel}","templated":true}]}}