{"id":14875,"date":"2021-10-11T15:14:55","date_gmt":"2021-10-11T15:14:55","guid":{"rendered":"https:\/\/languages4kids.com\/?post_type=product&#038;p=14875"},"modified":"2025-06-22T16:11:23","modified_gmt":"2025-06-22T16:11:23","slug":"que-pasa-hoy-en-la-granja","status":"publish","type":"product","link":"https:\/\/languages4kidz.com\/?product=que-pasa-hoy-en-la-granja","title":{"rendered":"\u00bfQu\u00e9 pasa hoy en la granja?"},"content":{"rendered":"\t\t<div data-elementor-type=\"product-post\" data-elementor-id=\"14875\" class=\"elementor elementor-14875\" data-elementor-post-type=\"product\">\n\t\t\t\t\t\t<section class=\"elementor-section elementor-top-section elementor-element elementor-element-77aa14b5 elementor-section-boxed elementor-section-height-default elementor-section-height-default\" data-id=\"77aa14b5\" data-element_type=\"section\" data-e-type=\"section\">\n\t\t\t\t\t\t<div class=\"elementor-container elementor-column-gap-default\">\n\t\t\t\t\t<div class=\"elementor-column elementor-col-100 elementor-top-column elementor-element elementor-element-6f09e776\" data-id=\"6f09e776\" data-element_type=\"column\" data-e-type=\"column\">\n\t\t\t<div class=\"elementor-widget-wrap elementor-element-populated\">\n\t\t\t\t\t\t<div class=\"elementor-element elementor-element-12de54be elementor-widget elementor-widget-text-editor\" data-id=\"12de54be\" data-element_type=\"widget\" data-e-type=\"widget\" data-widget_type=\"text-editor.default\">\n\t\t\t\t<div class=\"elementor-widget-container\">\n\t\t\t\t\t\t\t\t\t<p>Un d\u00eda, nadie en el peque\u00f1o pueblo vio ni escuch\u00f3 nada proveniente de la granja. El granjero y sus animales no se sent\u00edan bien y ni siquiera pod\u00edan moverse. La gente del pueblo se reuni\u00f3 y decidi\u00f3 hacerse cargo del granjero y sus animales hasta que se curaran. Cuando los tiempos son dif\u00edciles, la generosidad importa m\u00e1s que nunca y puede unir a todos. Aprender a cooperar es una habilidad importante que los ni\u00f1os deben dominar.<\/p><p>Este encantador libro ense\u00f1a y fomenta el compartir, colaborar, ser amable y escuchar. Tambi\u00e9n cubre aspectos de compromiso y reflexi\u00f3n.<\/p><p>\u00a0<\/p>\t\t\t\t\t\t\t\t<\/div>\n\t\t\t\t<\/div>\n\t\t\t\t\t<\/div>\n\t\t<\/div>\n\t\t\t\t\t<\/div>\n\t\t<\/section>\n\t\t\t\t<section class=\"elementor-section elementor-top-section elementor-element elementor-element-a944f4e elementor-section-boxed elementor-section-height-default elementor-section-height-default\" data-id=\"a944f4e\" data-element_type=\"section\" data-e-type=\"section\">\n\t\t\t\t\t\t<div class=\"elementor-container elementor-column-gap-default\">\n\t\t\t\t\t<div class=\"elementor-column elementor-col-100 elementor-top-column elementor-element elementor-element-2c4ad3f\" data-id=\"2c4ad3f\" data-element_type=\"column\" data-e-type=\"column\">\n\t\t\t<div class=\"elementor-widget-wrap elementor-element-populated\">\n\t\t\t\t\t\t<div class=\"elementor-element elementor-element-cd5ae2d elementor-widget elementor-widget-button\" data-id=\"cd5ae2d\" data-element_type=\"widget\" data-e-type=\"widget\" data-widget_type=\"button.default\">\n\t\t\t\t<div class=\"elementor-widget-container\">\n\t\t\t\t\t\t\t\t\t<div class=\"elementor-button-wrapper\">\n\t\t\t\t\t<a class=\"elementor-button elementor-button-link elementor-size-sm\" href=\"https:\/\/languages4kidz.com\/?page_id=9435\">\n\t\t\t\t\t\t<span class=\"elementor-button-content-wrapper\">\n\t\t\t\t\t\t\t\t\t<span class=\"elementor-button-text\">Interactive Activities<\/span>\n\t\t\t\t\t<\/span>\n\t\t\t\t\t<\/a>\n\t\t\t\t<\/div>\n\t\t\t\t\t\t\t\t<\/div>\n\t\t\t\t<\/div>\n\t\t\t\t\t<\/div>\n\t\t<\/div>\n\t\t\t\t\t<\/div>\n\t\t<\/section>\n\t\t\t\t<\/div>\n\t\t","protected":false},"excerpt":{"rendered":"<p>Todos en el pueblo se preguntan: <span class=\"st\">\u00bf<\/span>qu<span class=\"st\">\u00e9<\/span> pasa hoy en la granja? Cuando lo averiguan se ponen de acuerdo para ayudar al granjero y sus animales.<\/p>\n","protected":false},"featured_media":14901,"comment_status":"closed","ping_status":"closed","template":"","meta":[],"product_brand":[],"product_cat":[90,104],"product_tag":[81,82,83,84,85,69,86,87,88],"class_list":{"0":"post-14875","1":"product","2":"type-product","3":"status-publish","4":"has-post-thumbnail","6":"product_cat-spanish-books","7":"product_cat-young-children","8":"product_tag-ebooks-en-espanol","9":"product_tag-educacion-bilingue","10":"product_tag-educacion-infantil","11":"product_tag-escuelas-y-ensenanza","12":"product_tag-kindergarden","13":"product_tag-kindergarten","14":"product_tag-lecturas-cortas","15":"product_tag-libros-para-ninos","16":"product_tag-preescolar-y-guarderias","17":"product_shipping_class-picture-books","19":"first","20":"instock","21":"downloadable","22":"shipping-taxable","23":"product-type-simple"},"_links":{"self":[{"href":"https:\/\/languages4kidz.com\/index.php?rest_route=\/wp\/v2\/product\/14875","targetHints":{"allow":["GET"]}}],"collection":[{"href":"https:\/\/languages4kidz.com\/index.php?rest_route=\/wp\/v2\/product"}],"about":[{"href":"https:\/\/languages4kidz.com\/index.php?rest_route=\/wp\/v2\/types\/product"}],"replies":[{"embeddable":true,"href":"https:\/\/languages4kidz.com\/index.php?rest_route=%2Fwp%2Fv2%2Fcomments&post=14875"}],"version-history":[{"count":8,"href":"https:\/\/languages4kidz.com\/index.php?rest_route=\/wp\/v2\/product\/14875\/revisions"}],"predecessor-version":[{"id":18383,"href":"https:\/\/languages4kidz.com\/index.php?rest_route=\/wp\/v2\/product\/14875\/revisions\/18383"}],"wp:featuredmedia":[{"embeddable":true,"href":"https:\/\/languages4kidz.com\/index.php?rest_route=\/wp\/v2\/media\/14901"}],"wp:attachment":[{"href":"https:\/\/languages4kidz.com\/index.php?rest_route=%2Fwp%2Fv2%2Fmedia&parent=14875"}],"wp:term":[{"taxonomy":"product_brand","embeddable":true,"href":"https:\/\/languages4kidz.com\/index.php?rest_route=%2Fwp%2Fv2%2Fproduct_brand&post=14875"},{"taxonomy":"product_cat","embeddable":true,"href":"https:\/\/languages4kidz.com\/index.php?rest_route=%2Fwp%2Fv2%2Fproduct_cat&post=14875"},{"taxonomy":"product_tag","embeddable":true,"href":"https:\/\/languages4kidz.com\/index.php?rest_route=%2Fwp%2Fv2%2Fproduct_tag&post=14875"}],"curies":[{"name":"wp","href":"https:\/\/api.w.org\/{rel}","templated":true}]}}