{"id":14788,"date":"2021-10-11T15:14:36","date_gmt":"2021-10-11T15:14:36","guid":{"rendered":"https:\/\/languages4kids.com\/?post_type=product&#038;p=14788"},"modified":"2025-06-22T16:12:49","modified_gmt":"2025-06-22T16:12:49","slug":"quien-viene-a-comer-conmigo","status":"publish","type":"product","link":"https:\/\/languages4kidz.com\/?product=quien-viene-a-comer-conmigo","title":{"rendered":"\u00bfQui\u00e9n viene a comer conmigo?"},"content":{"rendered":"\t\t<div data-elementor-type=\"product-post\" data-elementor-id=\"14788\" class=\"elementor elementor-14788\" data-elementor-post-type=\"product\">\n\t\t\t\t\t\t<section class=\"elementor-section elementor-top-section elementor-element elementor-element-5396dbdd elementor-section-boxed elementor-section-height-default elementor-section-height-default\" data-id=\"5396dbdd\" data-element_type=\"section\" data-e-type=\"section\">\n\t\t\t\t\t\t<div class=\"elementor-container elementor-column-gap-default\">\n\t\t\t\t\t<div class=\"elementor-column elementor-col-100 elementor-top-column elementor-element elementor-element-36d70b0b\" data-id=\"36d70b0b\" data-element_type=\"column\" data-e-type=\"column\">\n\t\t\t<div class=\"elementor-widget-wrap elementor-element-populated\">\n\t\t\t\t\t\t<div class=\"elementor-element elementor-element-377ee7cc elementor-widget elementor-widget-text-editor\" data-id=\"377ee7cc\" data-element_type=\"widget\" data-e-type=\"widget\" data-widget_type=\"text-editor.default\">\n\t\t\t\t<div class=\"elementor-widget-container\">\n\t\t\t\t\t\t\t\t\t<p>A los beb\u00e9s les encanta jugar al escondite con sus peluches favoritos y en este hermoso libro un lindo beb\u00e9 est\u00e1 lleno de alegr\u00eda cuando les pide a sus animales de juguete que vengan a comer con \u00e9l. Las bellas ilustraciones combinadas con oraciones simples que presentan los nombres de animales y los sonidos que cada uno emite llegan de una manera sencilla a los m\u00e1s peque\u00f1os.<\/p><p>El libro ayuda a los ni\u00f1os a desarrollar su vocabulario y muestra amor en situaciones familiares que rodean a los ni\u00f1os todos los d\u00edas.<\/p><p>\u00a0<\/p>\t\t\t\t\t\t\t\t<\/div>\n\t\t\t\t<\/div>\n\t\t\t\t\t<\/div>\n\t\t<\/div>\n\t\t\t\t\t<\/div>\n\t\t<\/section>\n\t\t\t\t<section class=\"elementor-section elementor-top-section elementor-element elementor-element-f49f686 elementor-section-boxed elementor-section-height-default elementor-section-height-default\" data-id=\"f49f686\" data-element_type=\"section\" data-e-type=\"section\">\n\t\t\t\t\t\t<div class=\"elementor-container elementor-column-gap-default\">\n\t\t\t\t\t<div class=\"elementor-column elementor-col-100 elementor-top-column elementor-element elementor-element-d3e0d47\" data-id=\"d3e0d47\" data-element_type=\"column\" data-e-type=\"column\">\n\t\t\t<div class=\"elementor-widget-wrap elementor-element-populated\">\n\t\t\t\t\t\t<div class=\"elementor-element elementor-element-f8a1f94 elementor-widget elementor-widget-button\" data-id=\"f8a1f94\" data-element_type=\"widget\" data-e-type=\"widget\" data-widget_type=\"button.default\">\n\t\t\t\t<div class=\"elementor-widget-container\">\n\t\t\t\t\t\t\t\t\t<div class=\"elementor-button-wrapper\">\n\t\t\t\t\t<a class=\"elementor-button elementor-button-link elementor-size-sm\" href=\"https:\/\/languages4kidz.com\/?page_id=9702\">\n\t\t\t\t\t\t<span class=\"elementor-button-content-wrapper\">\n\t\t\t\t\t\t\t\t\t<span class=\"elementor-button-text\">Interactive Activities<\/span>\n\t\t\t\t\t<\/span>\n\t\t\t\t\t<\/a>\n\t\t\t\t<\/div>\n\t\t\t\t\t\t\t\t<\/div>\n\t\t\t\t<\/div>\n\t\t\t\t\t<\/div>\n\t\t<\/div>\n\t\t\t\t\t<\/div>\n\t\t<\/section>\n\t\t\t\t<\/div>\n\t\t","protected":false},"excerpt":{"rendered":"<p>Este beb\u00e9 no sabe qui\u00e9n vendr\u00e1 a comer con \u00e9l. Todos sus animales se anotan para el banquete.<\/p>\n","protected":false},"featured_media":14834,"comment_status":"closed","ping_status":"closed","template":"","meta":[],"product_brand":[],"product_cat":[90,101],"product_tag":[81,82,83,84,85,69,86,87,88],"class_list":{"0":"post-14788","1":"product","2":"type-product","3":"status-publish","4":"has-post-thumbnail","6":"product_cat-spanish-books","7":"product_cat-babies","8":"product_tag-ebooks-en-espanol","9":"product_tag-educacion-bilingue","10":"product_tag-educacion-infantil","11":"product_tag-escuelas-y-ensenanza","12":"product_tag-kindergarden","13":"product_tag-kindergarten","14":"product_tag-lecturas-cortas","15":"product_tag-libros-para-ninos","16":"product_tag-preescolar-y-guarderias","17":"product_shipping_class-picture-books","19":"first","20":"instock","21":"downloadable","22":"shipping-taxable","23":"product-type-simple"},"_links":{"self":[{"href":"https:\/\/languages4kidz.com\/index.php?rest_route=\/wp\/v2\/product\/14788","targetHints":{"allow":["GET"]}}],"collection":[{"href":"https:\/\/languages4kidz.com\/index.php?rest_route=\/wp\/v2\/product"}],"about":[{"href":"https:\/\/languages4kidz.com\/index.php?rest_route=\/wp\/v2\/types\/product"}],"replies":[{"embeddable":true,"href":"https:\/\/languages4kidz.com\/index.php?rest_route=%2Fwp%2Fv2%2Fcomments&post=14788"}],"version-history":[{"count":7,"href":"https:\/\/languages4kidz.com\/index.php?rest_route=\/wp\/v2\/product\/14788\/revisions"}],"predecessor-version":[{"id":18389,"href":"https:\/\/languages4kidz.com\/index.php?rest_route=\/wp\/v2\/product\/14788\/revisions\/18389"}],"wp:featuredmedia":[{"embeddable":true,"href":"https:\/\/languages4kidz.com\/index.php?rest_route=\/wp\/v2\/media\/14834"}],"wp:attachment":[{"href":"https:\/\/languages4kidz.com\/index.php?rest_route=%2Fwp%2Fv2%2Fmedia&parent=14788"}],"wp:term":[{"taxonomy":"product_brand","embeddable":true,"href":"https:\/\/languages4kidz.com\/index.php?rest_route=%2Fwp%2Fv2%2Fproduct_brand&post=14788"},{"taxonomy":"product_cat","embeddable":true,"href":"https:\/\/languages4kidz.com\/index.php?rest_route=%2Fwp%2Fv2%2Fproduct_cat&post=14788"},{"taxonomy":"product_tag","embeddable":true,"href":"https:\/\/languages4kidz.com\/index.php?rest_route=%2Fwp%2Fv2%2Fproduct_tag&post=14788"}],"curies":[{"name":"wp","href":"https:\/\/api.w.org\/{rel}","templated":true}]}}