{"id":14786,"date":"2021-10-11T15:14:36","date_gmt":"2021-10-11T15:14:36","guid":{"rendered":"https:\/\/languages4kids.com\/?post_type=product&#038;p=14786"},"modified":"2025-06-22T16:26:21","modified_gmt":"2025-06-22T16:26:21","slug":"ser-o-no-ser","status":"publish","type":"product","link":"https:\/\/languages4kidz.com\/?product=ser-o-no-ser","title":{"rendered":"Ser o no ser"},"content":{"rendered":"\t\t<div data-elementor-type=\"product-post\" data-elementor-id=\"14786\" class=\"elementor elementor-14786\" data-elementor-post-type=\"product\">\n\t\t\t\t\t\t<section class=\"elementor-section elementor-top-section elementor-element elementor-element-52408e1e elementor-section-boxed elementor-section-height-default elementor-section-height-default\" data-id=\"52408e1e\" data-element_type=\"section\" data-e-type=\"section\">\n\t\t\t\t\t\t<div class=\"elementor-container elementor-column-gap-default\">\n\t\t\t\t\t<div class=\"elementor-column elementor-col-100 elementor-top-column elementor-element elementor-element-378b12ee\" data-id=\"378b12ee\" data-element_type=\"column\" data-e-type=\"column\">\n\t\t\t<div class=\"elementor-widget-wrap elementor-element-populated\">\n\t\t\t\t\t\t<div class=\"elementor-element elementor-element-36b2a42a elementor-widget elementor-widget-text-editor\" data-id=\"36b2a42a\" data-element_type=\"widget\" data-e-type=\"widget\" data-widget_type=\"text-editor.default\">\n\t\t\t\t<div class=\"elementor-widget-container\">\n\t\t\t\t\t\t\t\t\t<p>La Sra. L\u00f3pez tuvo un sue\u00f1o maravilloso sobre todas las cosas que sus estudiantes quieren ser cuando sean mayores.<\/p><p>Los ni\u00f1os aprenden sobre diferentes ocupaciones y los diferentes roles que desempe\u00f1an las personas en sus comunidades. El libro tambi\u00e9n se\u00f1ala que, aunque podamos cambiar de opini\u00f3n a medida que crecemos, lo importante es ser los mejores en lo que queremos ser.<\/p><p>Este hermoso libro fomenta la autoconciencia, la autoestima y la autorreflexi\u00f3n.<\/p><p>\u00a0<\/p>\t\t\t\t\t\t\t\t<\/div>\n\t\t\t\t<\/div>\n\t\t\t\t\t<\/div>\n\t\t<\/div>\n\t\t\t\t\t<\/div>\n\t\t<\/section>\n\t\t\t\t<section class=\"elementor-section elementor-top-section elementor-element elementor-element-33a691d elementor-section-boxed elementor-section-height-default elementor-section-height-default\" data-id=\"33a691d\" data-element_type=\"section\" data-e-type=\"section\">\n\t\t\t\t\t\t<div class=\"elementor-container elementor-column-gap-default\">\n\t\t\t\t\t<div class=\"elementor-column elementor-col-100 elementor-top-column elementor-element elementor-element-46bc9da\" data-id=\"46bc9da\" data-element_type=\"column\" data-e-type=\"column\">\n\t\t\t<div class=\"elementor-widget-wrap elementor-element-populated\">\n\t\t\t\t\t\t<div class=\"elementor-element elementor-element-3507e68 elementor-widget elementor-widget-button\" data-id=\"3507e68\" data-element_type=\"widget\" data-e-type=\"widget\" data-widget_type=\"button.default\">\n\t\t\t\t<div class=\"elementor-widget-container\">\n\t\t\t\t\t\t\t\t\t<div class=\"elementor-button-wrapper\">\n\t\t\t\t\t<a class=\"elementor-button elementor-button-link elementor-size-sm\" href=\"https:\/\/languages4kidz.com\/?page_id=9418\">\n\t\t\t\t\t\t<span class=\"elementor-button-content-wrapper\">\n\t\t\t\t\t\t\t\t\t<span class=\"elementor-button-text\">Interactive Activities<\/span>\n\t\t\t\t\t<\/span>\n\t\t\t\t\t<\/a>\n\t\t\t\t<\/div>\n\t\t\t\t\t\t\t\t<\/div>\n\t\t\t\t<\/div>\n\t\t\t\t\t<\/div>\n\t\t<\/div>\n\t\t\t\t\t<\/div>\n\t\t<\/section>\n\t\t\t\t<\/div>\n\t\t","protected":false},"excerpt":{"rendered":"<p><span style=\"color: #000000;\">Este libro trata de las diferentes ocupaciones, de lo que quieren los ni\u00f1os ser cuando sean grandes y deja un bello mensaje al final.<\/span><\/p>\n<p>&nbsp;<\/p>\n<p>&nbsp;<\/p>\n","protected":false},"featured_media":14828,"comment_status":"closed","ping_status":"closed","template":"","meta":[],"product_brand":[],"product_cat":[90,103],"product_tag":[81,82,83,84,85,69,86,87,88],"class_list":{"0":"post-14786","1":"product","2":"type-product","3":"status-publish","4":"has-post-thumbnail","6":"product_cat-spanish-books","7":"product_cat-preschoolers","8":"product_tag-ebooks-en-espanol","9":"product_tag-educacion-bilingue","10":"product_tag-educacion-infantil","11":"product_tag-escuelas-y-ensenanza","12":"product_tag-kindergarden","13":"product_tag-kindergarten","14":"product_tag-lecturas-cortas","15":"product_tag-libros-para-ninos","16":"product_tag-preescolar-y-guarderias","17":"product_shipping_class-picture-books","19":"first","20":"instock","21":"downloadable","22":"shipping-taxable","23":"product-type-simple"},"_links":{"self":[{"href":"https:\/\/languages4kidz.com\/index.php?rest_route=\/wp\/v2\/product\/14786","targetHints":{"allow":["GET"]}}],"collection":[{"href":"https:\/\/languages4kidz.com\/index.php?rest_route=\/wp\/v2\/product"}],"about":[{"href":"https:\/\/languages4kidz.com\/index.php?rest_route=\/wp\/v2\/types\/product"}],"replies":[{"embeddable":true,"href":"https:\/\/languages4kidz.com\/index.php?rest_route=%2Fwp%2Fv2%2Fcomments&post=14786"}],"version-history":[{"count":8,"href":"https:\/\/languages4kidz.com\/index.php?rest_route=\/wp\/v2\/product\/14786\/revisions"}],"predecessor-version":[{"id":18440,"href":"https:\/\/languages4kidz.com\/index.php?rest_route=\/wp\/v2\/product\/14786\/revisions\/18440"}],"wp:featuredmedia":[{"embeddable":true,"href":"https:\/\/languages4kidz.com\/index.php?rest_route=\/wp\/v2\/media\/14828"}],"wp:attachment":[{"href":"https:\/\/languages4kidz.com\/index.php?rest_route=%2Fwp%2Fv2%2Fmedia&parent=14786"}],"wp:term":[{"taxonomy":"product_brand","embeddable":true,"href":"https:\/\/languages4kidz.com\/index.php?rest_route=%2Fwp%2Fv2%2Fproduct_brand&post=14786"},{"taxonomy":"product_cat","embeddable":true,"href":"https:\/\/languages4kidz.com\/index.php?rest_route=%2Fwp%2Fv2%2Fproduct_cat&post=14786"},{"taxonomy":"product_tag","embeddable":true,"href":"https:\/\/languages4kidz.com\/index.php?rest_route=%2Fwp%2Fv2%2Fproduct_tag&post=14786"}],"curies":[{"name":"wp","href":"https:\/\/api.w.org\/{rel}","templated":true}]}}