{"id":14785,"date":"2021-10-11T15:14:36","date_gmt":"2021-10-11T15:14:36","guid":{"rendered":"https:\/\/languages4kids.com\/?post_type=product&#038;p=14785"},"modified":"2025-06-22T15:25:08","modified_gmt":"2025-06-22T15:25:08","slug":"mira-al-bebe","status":"publish","type":"product","link":"https:\/\/languages4kidz.com\/?product=mira-al-bebe","title":{"rendered":"\u00a1Mira al beb\u00e9!"},"content":{"rendered":"\t\t<div data-elementor-type=\"product-post\" data-elementor-id=\"14785\" class=\"elementor elementor-14785\" data-elementor-post-type=\"product\">\n\t\t\t\t\t\t<section class=\"elementor-section elementor-top-section elementor-element elementor-element-6614ff7d elementor-section-boxed elementor-section-height-default elementor-section-height-default\" data-id=\"6614ff7d\" data-element_type=\"section\" data-e-type=\"section\">\n\t\t\t\t\t\t<div class=\"elementor-container elementor-column-gap-default\">\n\t\t\t\t\t<div class=\"elementor-column elementor-col-100 elementor-top-column elementor-element elementor-element-37101bd2\" data-id=\"37101bd2\" data-element_type=\"column\" data-e-type=\"column\">\n\t\t\t<div class=\"elementor-widget-wrap elementor-element-populated\">\n\t\t\t\t\t\t<div class=\"elementor-element elementor-element-5f897772 elementor-widget elementor-widget-text-editor\" data-id=\"5f897772\" data-element_type=\"widget\" data-e-type=\"widget\" data-widget_type=\"text-editor.default\">\n\t\t\t\t<div class=\"elementor-widget-container\">\n\t\t\t\t\t\t\t\t\t<p>Este lindo libro cautiva la atenci\u00f3n de los beb\u00e9s y peque\u00f1ines con sus ilustraciones grandes y coloridas y su texto sencillo. Este libro presenta a los ni\u00f1os partes del cuerpo mientras mam\u00e1 o pap\u00e1 tocan, hacen cosquillas y abrazan a su peque\u00f1o. Es un encantador libro ilustrado que muestra el amor incondicional que los padres sienten por sus beb\u00e9s.<\/p><p>\u00a0<\/p>\t\t\t\t\t\t\t\t<\/div>\n\t\t\t\t<\/div>\n\t\t\t\t\t<\/div>\n\t\t<\/div>\n\t\t\t\t\t<\/div>\n\t\t<\/section>\n\t\t\t\t<section class=\"elementor-section elementor-top-section elementor-element elementor-element-bd3bb51 elementor-section-boxed elementor-section-height-default elementor-section-height-default\" data-id=\"bd3bb51\" data-element_type=\"section\" data-e-type=\"section\">\n\t\t\t\t\t\t<div class=\"elementor-container elementor-column-gap-default\">\n\t\t\t\t\t<div class=\"elementor-column elementor-col-100 elementor-top-column elementor-element elementor-element-75483a3\" data-id=\"75483a3\" data-element_type=\"column\" data-e-type=\"column\">\n\t\t\t<div class=\"elementor-widget-wrap elementor-element-populated\">\n\t\t\t\t\t\t<div class=\"elementor-element elementor-element-d8771a9 elementor-widget elementor-widget-button\" data-id=\"d8771a9\" data-element_type=\"widget\" data-e-type=\"widget\" data-widget_type=\"button.default\">\n\t\t\t\t<div class=\"elementor-widget-container\">\n\t\t\t\t\t\t\t\t\t<div class=\"elementor-button-wrapper\">\n\t\t\t\t\t<a class=\"elementor-button elementor-button-link elementor-size-sm\" href=\"https:\/\/languages4kidz.com\/?page_id=10266\">\n\t\t\t\t\t\t<span class=\"elementor-button-content-wrapper\">\n\t\t\t\t\t\t\t\t\t<span class=\"elementor-button-text\">Interactive Activities<\/span>\n\t\t\t\t\t<\/span>\n\t\t\t\t\t<\/a>\n\t\t\t\t<\/div>\n\t\t\t\t\t\t\t\t<\/div>\n\t\t\t\t<\/div>\n\t\t\t\t\t<\/div>\n\t\t<\/div>\n\t\t\t\t\t<\/div>\n\t\t<\/section>\n\t\t\t\t<\/div>\n\t\t","protected":false},"excerpt":{"rendered":"<p><span style=\"color: #000000;\">Este libro para bebes introduce vocabulario acerca de las partes del cuerpo.<\/span><\/p>\n<p>&nbsp;<\/p>\n<p>&nbsp;<\/p>\n<p>&nbsp;<\/p>\n<p>&nbsp;<\/p>\n<p>&nbsp;<\/p>\n<p>&nbsp;<\/p>\n<p>&nbsp;<\/p>\n<p>&nbsp;<\/p>\n<p>&nbsp;<\/p>\n","protected":false},"featured_media":14825,"comment_status":"closed","ping_status":"closed","template":"","meta":[],"product_brand":[],"product_cat":[90,101],"product_tag":[89,81,82,83,84,85,69,86,87,88],"class_list":{"0":"post-14785","1":"product","2":"type-product","3":"status-publish","4":"has-post-thumbnail","6":"product_cat-spanish-books","7":"product_cat-babies","8":"product_tag-bebe","9":"product_tag-ebooks-en-espanol","10":"product_tag-educacion-bilingue","11":"product_tag-educacion-infantil","12":"product_tag-escuelas-y-ensenanza","13":"product_tag-kindergarden","14":"product_tag-kindergarten","15":"product_tag-lecturas-cortas","16":"product_tag-libros-para-ninos","17":"product_tag-preescolar-y-guarderias","18":"product_shipping_class-picture-books","20":"first","21":"instock","22":"downloadable","23":"shipping-taxable","24":"product-type-simple"},"_links":{"self":[{"href":"https:\/\/languages4kidz.com\/index.php?rest_route=\/wp\/v2\/product\/14785","targetHints":{"allow":["GET"]}}],"collection":[{"href":"https:\/\/languages4kidz.com\/index.php?rest_route=\/wp\/v2\/product"}],"about":[{"href":"https:\/\/languages4kidz.com\/index.php?rest_route=\/wp\/v2\/types\/product"}],"replies":[{"embeddable":true,"href":"https:\/\/languages4kidz.com\/index.php?rest_route=%2Fwp%2Fv2%2Fcomments&post=14785"}],"version-history":[{"count":8,"href":"https:\/\/languages4kidz.com\/index.php?rest_route=\/wp\/v2\/product\/14785\/revisions"}],"predecessor-version":[{"id":18343,"href":"https:\/\/languages4kidz.com\/index.php?rest_route=\/wp\/v2\/product\/14785\/revisions\/18343"}],"wp:featuredmedia":[{"embeddable":true,"href":"https:\/\/languages4kidz.com\/index.php?rest_route=\/wp\/v2\/media\/14825"}],"wp:attachment":[{"href":"https:\/\/languages4kidz.com\/index.php?rest_route=%2Fwp%2Fv2%2Fmedia&parent=14785"}],"wp:term":[{"taxonomy":"product_brand","embeddable":true,"href":"https:\/\/languages4kidz.com\/index.php?rest_route=%2Fwp%2Fv2%2Fproduct_brand&post=14785"},{"taxonomy":"product_cat","embeddable":true,"href":"https:\/\/languages4kidz.com\/index.php?rest_route=%2Fwp%2Fv2%2Fproduct_cat&post=14785"},{"taxonomy":"product_tag","embeddable":true,"href":"https:\/\/languages4kidz.com\/index.php?rest_route=%2Fwp%2Fv2%2Fproduct_tag&post=14785"}],"curies":[{"name":"wp","href":"https:\/\/api.w.org\/{rel}","templated":true}]}}