{"id":14782,"date":"2021-10-11T15:14:36","date_gmt":"2021-10-11T15:14:36","guid":{"rendered":"https:\/\/languages4kids.com\/?post_type=product&#038;p=14782"},"modified":"2025-06-22T16:14:26","modified_gmt":"2025-06-22T16:14:26","slug":"buenos-dias-bebe","status":"publish","type":"product","link":"https:\/\/languages4kidz.com\/?product=buenos-dias-bebe","title":{"rendered":"Buenos dias beb\u00e9"},"content":{"rendered":"\t\t<div data-elementor-type=\"product-post\" data-elementor-id=\"14782\" class=\"elementor elementor-14782\" data-elementor-post-type=\"product\">\n\t\t\t\t\t\t<section class=\"elementor-section elementor-top-section elementor-element elementor-element-21f458bb elementor-section-boxed elementor-section-height-default elementor-section-height-default\" data-id=\"21f458bb\" data-element_type=\"section\" data-e-type=\"section\">\n\t\t\t\t\t\t<div class=\"elementor-container elementor-column-gap-default\">\n\t\t\t\t\t<div class=\"elementor-column elementor-col-100 elementor-top-column elementor-element elementor-element-3214599\" data-id=\"3214599\" data-element_type=\"column\" data-e-type=\"column\">\n\t\t\t<div class=\"elementor-widget-wrap elementor-element-populated\">\n\t\t\t\t\t\t<div class=\"elementor-element elementor-element-48a1c1ff elementor-widget elementor-widget-text-editor\" data-id=\"48a1c1ff\" data-element_type=\"widget\" data-e-type=\"widget\" data-widget_type=\"text-editor.default\">\n\t\t\t\t<div class=\"elementor-widget-container\">\n\t\t\t\t\t\t\t\t\t<p>A los beb\u00e9s les encanta jugar al escondite con sus peluches favoritos y, en este hermoso libro, un lindo beb\u00e9 se llena de alegr\u00eda cuando juega al escondite con sus animales de juguete. Las bellas ilustraciones combinadas con oraciones simples llegan a los m\u00e1s peque\u00f1os.<\/p><p>El libro tiene caracter\u00edsticas espec\u00edficas que encantan e involucran a los ni\u00f1os peque\u00f1os que se pueden ver reflejados en las situaciones familiares que les rodean cada d\u00eda.<\/p><p>\u00a0<\/p>\t\t\t\t\t\t\t\t<\/div>\n\t\t\t\t<\/div>\n\t\t\t\t\t<\/div>\n\t\t<\/div>\n\t\t\t\t\t<\/div>\n\t\t<\/section>\n\t\t\t\t<section class=\"elementor-section elementor-top-section elementor-element elementor-element-74a6497 elementor-section-boxed elementor-section-height-default elementor-section-height-default\" data-id=\"74a6497\" data-element_type=\"section\" data-e-type=\"section\">\n\t\t\t\t\t\t<div class=\"elementor-container elementor-column-gap-default\">\n\t\t\t\t\t<div class=\"elementor-column elementor-col-100 elementor-top-column elementor-element elementor-element-a552eb7\" data-id=\"a552eb7\" data-element_type=\"column\" data-e-type=\"column\">\n\t\t\t<div class=\"elementor-widget-wrap elementor-element-populated\">\n\t\t\t\t\t\t<div class=\"elementor-element elementor-element-61969ec elementor-widget elementor-widget-button\" data-id=\"61969ec\" data-element_type=\"widget\" data-e-type=\"widget\" data-widget_type=\"button.default\">\n\t\t\t\t<div class=\"elementor-widget-container\">\n\t\t\t\t\t\t\t\t\t<div class=\"elementor-button-wrapper\">\n\t\t\t\t\t<a class=\"elementor-button elementor-button-link elementor-size-sm\" href=\"https:\/\/languages4kidz.com\/?page_id=10257\">\n\t\t\t\t\t\t<span class=\"elementor-button-content-wrapper\">\n\t\t\t\t\t\t\t\t\t<span class=\"elementor-button-text\">Interactive Activities<\/span>\n\t\t\t\t\t<\/span>\n\t\t\t\t\t<\/a>\n\t\t\t\t<\/div>\n\t\t\t\t\t\t\t\t<\/div>\n\t\t\t\t<\/div>\n\t\t\t\t\t<\/div>\n\t\t<\/div>\n\t\t\t\t\t<\/div>\n\t\t<\/section>\n\t\t\t\t<\/div>\n\t\t","protected":false},"excerpt":{"rendered":"<p><span style=\"color: #000000;\">Este lindo libro trata de un bebe que juega con sus juguetes favoritos y con su mascota Bam-Bam.<\/span><\/p>\n<p>&nbsp;<\/p>\n<p>&nbsp;<\/p>\n<p>&nbsp;<\/p>\n<p>&nbsp;<\/p>\n<p>&nbsp;<\/p>\n","protected":false},"featured_media":14819,"comment_status":"closed","ping_status":"closed","template":"","meta":[],"product_brand":[],"product_cat":[90,101],"product_tag":[89,81,82,83,84,85,69,86,87,88],"class_list":{"0":"post-14782","1":"product","2":"type-product","3":"status-publish","4":"has-post-thumbnail","6":"product_cat-spanish-books","7":"product_cat-babies","8":"product_tag-bebe","9":"product_tag-ebooks-en-espanol","10":"product_tag-educacion-bilingue","11":"product_tag-educacion-infantil","12":"product_tag-escuelas-y-ensenanza","13":"product_tag-kindergarden","14":"product_tag-kindergarten","15":"product_tag-lecturas-cortas","16":"product_tag-libros-para-ninos","17":"product_tag-preescolar-y-guarderias","18":"product_shipping_class-picture-books","20":"first","21":"instock","22":"featured","23":"downloadable","24":"shipping-taxable","25":"product-type-simple"},"_links":{"self":[{"href":"https:\/\/languages4kidz.com\/index.php?rest_route=\/wp\/v2\/product\/14782","targetHints":{"allow":["GET"]}}],"collection":[{"href":"https:\/\/languages4kidz.com\/index.php?rest_route=\/wp\/v2\/product"}],"about":[{"href":"https:\/\/languages4kidz.com\/index.php?rest_route=\/wp\/v2\/types\/product"}],"replies":[{"embeddable":true,"href":"https:\/\/languages4kidz.com\/index.php?rest_route=%2Fwp%2Fv2%2Fcomments&post=14782"}],"version-history":[{"count":8,"href":"https:\/\/languages4kidz.com\/index.php?rest_route=\/wp\/v2\/product\/14782\/revisions"}],"predecessor-version":[{"id":18395,"href":"https:\/\/languages4kidz.com\/index.php?rest_route=\/wp\/v2\/product\/14782\/revisions\/18395"}],"wp:featuredmedia":[{"embeddable":true,"href":"https:\/\/languages4kidz.com\/index.php?rest_route=\/wp\/v2\/media\/14819"}],"wp:attachment":[{"href":"https:\/\/languages4kidz.com\/index.php?rest_route=%2Fwp%2Fv2%2Fmedia&parent=14782"}],"wp:term":[{"taxonomy":"product_brand","embeddable":true,"href":"https:\/\/languages4kidz.com\/index.php?rest_route=%2Fwp%2Fv2%2Fproduct_brand&post=14782"},{"taxonomy":"product_cat","embeddable":true,"href":"https:\/\/languages4kidz.com\/index.php?rest_route=%2Fwp%2Fv2%2Fproduct_cat&post=14782"},{"taxonomy":"product_tag","embeddable":true,"href":"https:\/\/languages4kidz.com\/index.php?rest_route=%2Fwp%2Fv2%2Fproduct_tag&post=14782"}],"curies":[{"name":"wp","href":"https:\/\/api.w.org\/{rel}","templated":true}]}}