{"id":14776,"date":"2021-10-11T15:14:35","date_gmt":"2021-10-11T15:14:35","guid":{"rendered":"https:\/\/languages4kids.com\/?post_type=product&#038;p=14776"},"modified":"2025-06-22T16:16:07","modified_gmt":"2025-06-22T16:16:07","slug":"dia-internacional","status":"publish","type":"product","link":"https:\/\/languages4kidz.com\/?product=dia-internacional","title":{"rendered":"Dia Internacional"},"content":{"rendered":"\t\t<div data-elementor-type=\"product-post\" data-elementor-id=\"14776\" class=\"elementor elementor-14776\" data-elementor-post-type=\"product\">\n\t\t\t\t\t\t<section class=\"elementor-section elementor-top-section elementor-element elementor-element-2ffd6eec elementor-section-boxed elementor-section-height-default elementor-section-height-default\" data-id=\"2ffd6eec\" data-element_type=\"section\" data-e-type=\"section\">\n\t\t\t\t\t\t<div class=\"elementor-container elementor-column-gap-default\">\n\t\t\t\t\t<div class=\"elementor-column elementor-col-100 elementor-top-column elementor-element elementor-element-5d979f60\" data-id=\"5d979f60\" data-element_type=\"column\" data-e-type=\"column\">\n\t\t\t<div class=\"elementor-widget-wrap elementor-element-populated\">\n\t\t\t\t\t\t<div class=\"elementor-element elementor-element-14bccf9b elementor-widget elementor-widget-text-editor\" data-id=\"14bccf9b\" data-element_type=\"widget\" data-e-type=\"widget\" data-widget_type=\"text-editor.default\">\n\t\t\t\t<div class=\"elementor-widget-container\">\n\t\t\t\t\t\t\t\t\t<p>Adabelle y sus amigos se ponen sus vestidos t\u00edpicos para el desfile del D\u00eda Internacional. Han ido conociendo acerca de los diferentes pa\u00edses de los que provienen y est\u00e1n a punto de cantar, bailar y degustar la deliciosa comida que prepararon sus mam\u00e1s.<\/p><p>Este es un libro encantador que promueve la mente abierta, lo que implica respetar las perspectivas, culturas, tradiciones y valores de los dem\u00e1s. Ayuda a desarrollar las habilidades de comprensi\u00f3n a medida que los ni\u00f1os se involucran con lo que est\u00e1n leyendo y usan sus conocimientos y experiencias previas para darle sentido al texto y apreciar la diversidad.<\/p><p>\u00a0<\/p>\t\t\t\t\t\t\t\t<\/div>\n\t\t\t\t<\/div>\n\t\t\t\t\t<\/div>\n\t\t<\/div>\n\t\t\t\t\t<\/div>\n\t\t<\/section>\n\t\t\t\t<section class=\"elementor-section elementor-top-section elementor-element elementor-element-673c876 elementor-section-boxed elementor-section-height-default elementor-section-height-default\" data-id=\"673c876\" data-element_type=\"section\" data-e-type=\"section\">\n\t\t\t\t\t\t<div class=\"elementor-container elementor-column-gap-default\">\n\t\t\t\t\t<div class=\"elementor-column elementor-col-100 elementor-top-column elementor-element elementor-element-2bfebbc\" data-id=\"2bfebbc\" data-element_type=\"column\" data-e-type=\"column\">\n\t\t\t<div class=\"elementor-widget-wrap elementor-element-populated\">\n\t\t\t\t\t\t<div class=\"elementor-element elementor-element-addf737 elementor-widget elementor-widget-button\" data-id=\"addf737\" data-element_type=\"widget\" data-e-type=\"widget\" data-widget_type=\"button.default\">\n\t\t\t\t<div class=\"elementor-widget-container\">\n\t\t\t\t\t\t\t\t\t<div class=\"elementor-button-wrapper\">\n\t\t\t\t\t<a class=\"elementor-button elementor-button-link elementor-size-sm\" href=\"https:\/\/languages4kidz.com\/?page_id=9564\">\n\t\t\t\t\t\t<span class=\"elementor-button-content-wrapper\">\n\t\t\t\t\t\t\t\t\t<span class=\"elementor-button-text\">Interactive Activities<\/span>\n\t\t\t\t\t<\/span>\n\t\t\t\t\t<\/a>\n\t\t\t\t<\/div>\n\t\t\t\t\t\t\t\t<\/div>\n\t\t\t\t<\/div>\n\t\t\t\t\t<\/div>\n\t\t<\/div>\n\t\t\t\t\t<\/div>\n\t\t<\/section>\n\t\t\t\t<\/div>\n\t\t","protected":false},"excerpt":{"rendered":"<p>Los ni\u00f1os de la escuela se preparan con sus trajes tipicos para el gran desfile del Dia Internacional. Un libro para aprender acerca de los diferentes pa\u00edses, sus tradiciones y sus comidas.<\/p>\n<p>&nbsp;<\/p>\n<p>&nbsp;<\/p>\n<p>&nbsp;<\/p>\n<p>&nbsp;<\/p>\n<p>&nbsp;<\/p>\n<p>&nbsp;<\/p>\n<p>&nbsp;<\/p>\n<p>&nbsp;<\/p>\n","protected":false},"featured_media":14802,"comment_status":"closed","ping_status":"closed","template":"","meta":[],"product_brand":[],"product_cat":[90,103],"product_tag":[81,82,83,84,85,69,86,87,88],"class_list":{"0":"post-14776","1":"product","2":"type-product","3":"status-publish","4":"has-post-thumbnail","6":"product_cat-spanish-books","7":"product_cat-preschoolers","8":"product_tag-ebooks-en-espanol","9":"product_tag-educacion-bilingue","10":"product_tag-educacion-infantil","11":"product_tag-escuelas-y-ensenanza","12":"product_tag-kindergarden","13":"product_tag-kindergarten","14":"product_tag-lecturas-cortas","15":"product_tag-libros-para-ninos","16":"product_tag-preescolar-y-guarderias","17":"product_shipping_class-picture-books","19":"first","20":"instock","21":"downloadable","22":"shipping-taxable","23":"product-type-simple"},"_links":{"self":[{"href":"https:\/\/languages4kidz.com\/index.php?rest_route=\/wp\/v2\/product\/14776","targetHints":{"allow":["GET"]}}],"collection":[{"href":"https:\/\/languages4kidz.com\/index.php?rest_route=\/wp\/v2\/product"}],"about":[{"href":"https:\/\/languages4kidz.com\/index.php?rest_route=\/wp\/v2\/types\/product"}],"replies":[{"embeddable":true,"href":"https:\/\/languages4kidz.com\/index.php?rest_route=%2Fwp%2Fv2%2Fcomments&post=14776"}],"version-history":[{"count":7,"href":"https:\/\/languages4kidz.com\/index.php?rest_route=\/wp\/v2\/product\/14776\/revisions"}],"predecessor-version":[{"id":18401,"href":"https:\/\/languages4kidz.com\/index.php?rest_route=\/wp\/v2\/product\/14776\/revisions\/18401"}],"wp:featuredmedia":[{"embeddable":true,"href":"https:\/\/languages4kidz.com\/index.php?rest_route=\/wp\/v2\/media\/14802"}],"wp:attachment":[{"href":"https:\/\/languages4kidz.com\/index.php?rest_route=%2Fwp%2Fv2%2Fmedia&parent=14776"}],"wp:term":[{"taxonomy":"product_brand","embeddable":true,"href":"https:\/\/languages4kidz.com\/index.php?rest_route=%2Fwp%2Fv2%2Fproduct_brand&post=14776"},{"taxonomy":"product_cat","embeddable":true,"href":"https:\/\/languages4kidz.com\/index.php?rest_route=%2Fwp%2Fv2%2Fproduct_cat&post=14776"},{"taxonomy":"product_tag","embeddable":true,"href":"https:\/\/languages4kidz.com\/index.php?rest_route=%2Fwp%2Fv2%2Fproduct_tag&post=14776"}],"curies":[{"name":"wp","href":"https:\/\/api.w.org\/{rel}","templated":true}]}}