{"id":14773,"date":"2021-10-11T15:14:35","date_gmt":"2021-10-11T15:14:35","guid":{"rendered":"https:\/\/languages4kids.com\/?post_type=product&#038;p=14773"},"modified":"2025-06-20T08:05:50","modified_gmt":"2025-06-20T08:05:50","slug":"por-que-por-que-por-que","status":"publish","type":"product","link":"https:\/\/languages4kidz.com\/?product=por-que-por-que-por-que","title":{"rendered":"\u00bfPor qu\u00e9, por qu\u00e9, por qu\u00e9?"},"content":{"rendered":"\t\t<div data-elementor-type=\"product-post\" data-elementor-id=\"14773\" class=\"elementor elementor-14773\" data-elementor-post-type=\"product\">\n\t\t\t\t\t\t<section class=\"elementor-section elementor-top-section elementor-element elementor-element-364523e9 elementor-section-boxed elementor-section-height-default elementor-section-height-default\" data-id=\"364523e9\" data-element_type=\"section\" data-e-type=\"section\">\n\t\t\t\t\t\t<div class=\"elementor-container elementor-column-gap-default\">\n\t\t\t\t\t<div class=\"elementor-column elementor-col-100 elementor-top-column elementor-element elementor-element-210dc679\" data-id=\"210dc679\" data-element_type=\"column\" data-e-type=\"column\">\n\t\t\t<div class=\"elementor-widget-wrap elementor-element-populated\">\n\t\t\t\t\t\t<div class=\"elementor-element elementor-element-67e5ac94 elementor-widget elementor-widget-text-editor\" data-id=\"67e5ac94\" data-element_type=\"widget\" data-e-type=\"widget\" data-widget_type=\"text-editor.default\">\n\t\t\t\t<div class=\"elementor-widget-container\">\n\t\t\t\t\t\t\t\t\tEste hermoso libro ilustrado ofrece respuestas divertidas a la pregunta m\u00e1s utilizada por los ni\u00f1os: \u00bfPOR QU\u00c9? con un vocabulario f\u00e1cil y oraciones sencillas, los ni\u00f1os aprenden sobre los cinco sentidos y las caracter\u00edsticas espec\u00edficas de algunos animales. Los ni\u00f1os son curiosos y buscan informaci\u00f3n continuamente. Este libro trata de inculcarles una actitud de conocer e indagar al hacer preguntas para desafiar y profundizar su comprensi\u00f3n. Es un excelente libro introductorio para ni\u00f1os peque\u00f1os, preescolares y lectores principiantes. A los ni\u00f1os peque\u00f1os les encantar\u00e1n las ilustraciones vivas y coloridas y disfrutar\u00e1n de la estructura repetitiva del libro.\t\t\t\t\t\t\t\t<\/div>\n\t\t\t\t<\/div>\n\t\t\t\t\t<\/div>\n\t\t<\/div>\n\t\t\t\t\t<\/div>\n\t\t<\/section>\n\t\t\t\t<section class=\"elementor-section elementor-top-section elementor-element elementor-element-0494f8f elementor-section-boxed elementor-section-height-default elementor-section-height-default\" data-id=\"0494f8f\" data-element_type=\"section\" data-e-type=\"section\">\n\t\t\t\t\t\t<div class=\"elementor-container elementor-column-gap-default\">\n\t\t\t\t\t<div class=\"elementor-column elementor-col-100 elementor-top-column elementor-element elementor-element-b0cca6c\" data-id=\"b0cca6c\" data-element_type=\"column\" data-e-type=\"column\">\n\t\t\t<div class=\"elementor-widget-wrap elementor-element-populated\">\n\t\t\t\t\t\t<div class=\"elementor-element elementor-element-0cb019e elementor-widget elementor-widget-button\" data-id=\"0cb019e\" data-element_type=\"widget\" data-e-type=\"widget\" data-widget_type=\"button.default\">\n\t\t\t\t<div class=\"elementor-widget-container\">\n\t\t\t\t\t\t\t\t\t<div class=\"elementor-button-wrapper\">\n\t\t\t\t\t<a class=\"elementor-button elementor-button-link elementor-size-sm\" href=\"https:\/\/languages4kidz.com\/?page_id=9380\">\n\t\t\t\t\t\t<span class=\"elementor-button-content-wrapper\">\n\t\t\t\t\t\t\t\t\t<span class=\"elementor-button-text\">Interactive Activities<\/span>\n\t\t\t\t\t<\/span>\n\t\t\t\t\t<\/a>\n\t\t\t\t<\/div>\n\t\t\t\t\t\t\t\t<\/div>\n\t\t\t\t<\/div>\n\t\t\t\t\t<\/div>\n\t\t<\/div>\n\t\t\t\t\t<\/div>\n\t\t<\/section>\n\t\t\t\t<\/div>\n\t\t","protected":false},"excerpt":{"rendered":"<p><span style=\"color: #000000;\">Un libro que responde a preguntas divertidas de \u00bfPOR QU\u00c9? esto o aquello.<\/span><\/p>\n<p>&nbsp;<\/p>\n<p>&nbsp;<\/p>\n<p>&nbsp;<\/p>\n<p>&nbsp;<\/p>\n<p>&nbsp;<\/p>\n<p>&nbsp;<\/p>\n<p>&nbsp;<\/p>\n","protected":false},"featured_media":14800,"comment_status":"closed","ping_status":"closed","template":"","meta":[],"product_brand":[],"product_cat":[90],"product_tag":[81,82,83,84,85,69,86,87,88],"class_list":{"0":"post-14773","1":"product","2":"type-product","3":"status-publish","4":"has-post-thumbnail","6":"product_cat-spanish-books","7":"product_tag-ebooks-en-espanol","8":"product_tag-educacion-bilingue","9":"product_tag-educacion-infantil","10":"product_tag-escuelas-y-ensenanza","11":"product_tag-kindergarden","12":"product_tag-kindergarten","13":"product_tag-lecturas-cortas","14":"product_tag-libros-para-ninos","15":"product_tag-preescolar-y-guarderias","16":"product_shipping_class-picture-books","18":"first","19":"instock","20":"downloadable","21":"shipping-taxable","22":"product-type-simple"},"_links":{"self":[{"href":"https:\/\/languages4kidz.com\/index.php?rest_route=\/wp\/v2\/product\/14773","targetHints":{"allow":["GET"]}}],"collection":[{"href":"https:\/\/languages4kidz.com\/index.php?rest_route=\/wp\/v2\/product"}],"about":[{"href":"https:\/\/languages4kidz.com\/index.php?rest_route=\/wp\/v2\/types\/product"}],"replies":[{"embeddable":true,"href":"https:\/\/languages4kidz.com\/index.php?rest_route=%2Fwp%2Fv2%2Fcomments&post=14773"}],"version-history":[{"count":4,"href":"https:\/\/languages4kidz.com\/index.php?rest_route=\/wp\/v2\/product\/14773\/revisions"}],"predecessor-version":[{"id":18024,"href":"https:\/\/languages4kidz.com\/index.php?rest_route=\/wp\/v2\/product\/14773\/revisions\/18024"}],"wp:featuredmedia":[{"embeddable":true,"href":"https:\/\/languages4kidz.com\/index.php?rest_route=\/wp\/v2\/media\/14800"}],"wp:attachment":[{"href":"https:\/\/languages4kidz.com\/index.php?rest_route=%2Fwp%2Fv2%2Fmedia&parent=14773"}],"wp:term":[{"taxonomy":"product_brand","embeddable":true,"href":"https:\/\/languages4kidz.com\/index.php?rest_route=%2Fwp%2Fv2%2Fproduct_brand&post=14773"},{"taxonomy":"product_cat","embeddable":true,"href":"https:\/\/languages4kidz.com\/index.php?rest_route=%2Fwp%2Fv2%2Fproduct_cat&post=14773"},{"taxonomy":"product_tag","embeddable":true,"href":"https:\/\/languages4kidz.com\/index.php?rest_route=%2Fwp%2Fv2%2Fproduct_tag&post=14773"}],"curies":[{"name":"wp","href":"https:\/\/api.w.org\/{rel}","templated":true}]}}