{"id":14711,"date":"2021-10-11T15:14:14","date_gmt":"2021-10-11T15:14:14","guid":{"rendered":"https:\/\/languages4kids.com\/?post_type=product&#038;p=14711"},"modified":"2025-06-22T15:27:12","modified_gmt":"2025-06-22T15:27:12","slug":"una-fiesta-de-cumpleanos","status":"publish","type":"product","link":"https:\/\/languages4kidz.com\/?product=una-fiesta-de-cumpleanos","title":{"rendered":"\u00a1Una Fiesta de Cumplea\u00f1os!"},"content":{"rendered":"<p>Acompa\u00f1a a un grupo de amigos mientras se dirigen a una fiesta de cumplea\u00f1os. El libro usa oraciones cortas y palabras que riman para describir las hermosas escenas y los regalos que cada amigo trae al personaje de cumplea\u00f1os. Las coloridas ilustraciones est\u00e1n llenas de cosas y animales divertidos para que los ni\u00f1os miren, aprendan y hablen sobre ellos. Este hermoso libro promueve la amistad, el cari\u00f1o y la alegr\u00eda.<\/p>\n<p>&nbsp;<\/p>\n","protected":false},"excerpt":{"rendered":"<p>&nbsp;<\/p>\n<p>&nbsp;<\/p>\n<p>&nbsp;<\/p>\n<p>&nbsp;<\/p>\n<p>&nbsp;<\/p>\n","protected":false},"featured_media":14838,"comment_status":"closed","ping_status":"closed","template":"","meta":[],"product_brand":[],"product_cat":[90,101],"product_tag":[81,82,83,84,85,69,86,87,88],"class_list":{"0":"post-14711","1":"product","2":"type-product","3":"status-publish","4":"has-post-thumbnail","6":"product_cat-spanish-books","7":"product_cat-babies","8":"product_tag-ebooks-en-espanol","9":"product_tag-educacion-bilingue","10":"product_tag-educacion-infantil","11":"product_tag-escuelas-y-ensenanza","12":"product_tag-kindergarden","13":"product_tag-kindergarten","14":"product_tag-lecturas-cortas","15":"product_tag-libros-para-ninos","16":"product_tag-preescolar-y-guarderias","17":"product_shipping_class-picture-books","19":"first","20":"instock","21":"featured","22":"downloadable","23":"shipping-taxable","24":"purchasable","25":"product-type-simple"},"_links":{"self":[{"href":"https:\/\/languages4kidz.com\/index.php?rest_route=\/wp\/v2\/product\/14711","targetHints":{"allow":["GET"]}}],"collection":[{"href":"https:\/\/languages4kidz.com\/index.php?rest_route=\/wp\/v2\/product"}],"about":[{"href":"https:\/\/languages4kidz.com\/index.php?rest_route=\/wp\/v2\/types\/product"}],"replies":[{"embeddable":true,"href":"https:\/\/languages4kidz.com\/index.php?rest_route=%2Fwp%2Fv2%2Fcomments&post=14711"}],"version-history":[{"count":1,"href":"https:\/\/languages4kidz.com\/index.php?rest_route=\/wp\/v2\/product\/14711\/revisions"}],"predecessor-version":[{"id":18350,"href":"https:\/\/languages4kidz.com\/index.php?rest_route=\/wp\/v2\/product\/14711\/revisions\/18350"}],"wp:featuredmedia":[{"embeddable":true,"href":"https:\/\/languages4kidz.com\/index.php?rest_route=\/wp\/v2\/media\/14838"}],"wp:attachment":[{"href":"https:\/\/languages4kidz.com\/index.php?rest_route=%2Fwp%2Fv2%2Fmedia&parent=14711"}],"wp:term":[{"taxonomy":"product_brand","embeddable":true,"href":"https:\/\/languages4kidz.com\/index.php?rest_route=%2Fwp%2Fv2%2Fproduct_brand&post=14711"},{"taxonomy":"product_cat","embeddable":true,"href":"https:\/\/languages4kidz.com\/index.php?rest_route=%2Fwp%2Fv2%2Fproduct_cat&post=14711"},{"taxonomy":"product_tag","embeddable":true,"href":"https:\/\/languages4kidz.com\/index.php?rest_route=%2Fwp%2Fv2%2Fproduct_tag&post=14711"}],"curies":[{"name":"wp","href":"https:\/\/api.w.org\/{rel}","templated":true}]}}