{"id":14702,"date":"2021-10-11T15:14:13","date_gmt":"2021-10-11T15:14:13","guid":{"rendered":"https:\/\/languages4kids.com\/?post_type=product&#038;p=14702"},"modified":"2025-06-22T15:22:12","modified_gmt":"2025-06-22T15:22:12","slug":"cucu-te-quiero","status":"publish","type":"product","link":"https:\/\/languages4kidz.com\/?product=cucu-te-quiero","title":{"rendered":"\u00a1Cuc\u00fa, Te quiero!"},"content":{"rendered":"\t\t<div data-elementor-type=\"product-post\" data-elementor-id=\"14702\" class=\"elementor elementor-14702\" data-elementor-post-type=\"product\">\n\t\t\t\t\t\t<section class=\"elementor-section elementor-top-section elementor-element elementor-element-7f41ba86 elementor-section-boxed elementor-section-height-default elementor-section-height-default\" data-id=\"7f41ba86\" data-element_type=\"section\" data-e-type=\"section\">\n\t\t\t\t\t\t<div class=\"elementor-container elementor-column-gap-default\">\n\t\t\t\t\t<div class=\"elementor-column elementor-col-100 elementor-top-column elementor-element elementor-element-5ce91b86\" data-id=\"5ce91b86\" data-element_type=\"column\" data-e-type=\"column\">\n\t\t\t<div class=\"elementor-widget-wrap elementor-element-populated\">\n\t\t\t\t\t\t<div class=\"elementor-element elementor-element-3d352cee elementor-widget elementor-widget-text-editor\" data-id=\"3d352cee\" data-element_type=\"widget\" data-e-type=\"widget\" data-widget_type=\"text-editor.default\">\n\t\t\t\t<div class=\"elementor-widget-container\">\n\t\t\t\t\t\t\t\t\t<p>Jugar al escondite con los hijos es una actividad muy divertida. Es uno de los juegos favoritos de los ni\u00f1os y este libro les ayuda a aprender sobre las personas m\u00e1s queridas de sus familias. Jugando al escondite el ni\u00f1o del cuento encuentra a todos los miembros de su familia, uno por uno. Las encantadoras y coloridas ilustraciones sumergen a los ni\u00f1os en situaciones familiares. Hay mucho amor y mucho aprendizaje en este libro. El texto repetitivo, de tipo claro y en negrita hace que sea f\u00e1cil para los ni\u00f1os peque\u00f1os seguir y practicar el nuevo vocabulario y estructuras.<\/p><p>\u00a0<\/p>\t\t\t\t\t\t\t\t<\/div>\n\t\t\t\t<\/div>\n\t\t\t\t\t<\/div>\n\t\t<\/div>\n\t\t\t\t\t<\/div>\n\t\t<\/section>\n\t\t\t\t<section class=\"elementor-section elementor-top-section elementor-element elementor-element-1b6e63f elementor-section-boxed elementor-section-height-default elementor-section-height-default\" data-id=\"1b6e63f\" data-element_type=\"section\" data-e-type=\"section\">\n\t\t\t\t\t\t<div class=\"elementor-container elementor-column-gap-default\">\n\t\t\t\t\t<div class=\"elementor-column elementor-col-100 elementor-top-column elementor-element elementor-element-97998e3\" data-id=\"97998e3\" data-element_type=\"column\" data-e-type=\"column\">\n\t\t\t<div class=\"elementor-widget-wrap elementor-element-populated\">\n\t\t\t\t\t\t<div class=\"elementor-element elementor-element-5fe26d2 elementor-widget elementor-widget-button\" data-id=\"5fe26d2\" data-element_type=\"widget\" data-e-type=\"widget\" data-widget_type=\"button.default\">\n\t\t\t\t<div class=\"elementor-widget-container\">\n\t\t\t\t\t\t\t\t\t<div class=\"elementor-button-wrapper\">\n\t\t\t\t\t<a class=\"elementor-button elementor-button-link elementor-size-sm\" href=\"https:\/\/languages4kidz.com\/?page_id=8879\">\n\t\t\t\t\t\t<span class=\"elementor-button-content-wrapper\">\n\t\t\t\t\t\t\t\t\t<span class=\"elementor-button-text\">Interactive Activities<\/span>\n\t\t\t\t\t<\/span>\n\t\t\t\t\t<\/a>\n\t\t\t\t<\/div>\n\t\t\t\t\t\t\t\t<\/div>\n\t\t\t\t<\/div>\n\t\t\t\t\t<\/div>\n\t\t<\/div>\n\t\t\t\t\t<\/div>\n\t\t<\/section>\n\t\t\t\t<\/div>\n\t\t","protected":false},"excerpt":{"rendered":"<p>&nbsp;<\/p>\n<p>&nbsp;<\/p>\n<p>&nbsp;<\/p>\n<p>&nbsp;<\/p>\n<p>&nbsp;<\/p>\n","protected":false},"featured_media":14745,"comment_status":"closed","ping_status":"closed","template":"","meta":[],"product_brand":[],"product_cat":[90,101],"product_tag":[89,81,82,83,84,85,69,86,87,88],"class_list":{"0":"post-14702","1":"product","2":"type-product","3":"status-publish","4":"has-post-thumbnail","6":"product_cat-spanish-books","7":"product_cat-babies","8":"product_tag-bebe","9":"product_tag-ebooks-en-espanol","10":"product_tag-educacion-bilingue","11":"product_tag-educacion-infantil","12":"product_tag-escuelas-y-ensenanza","13":"product_tag-kindergarden","14":"product_tag-kindergarten","15":"product_tag-lecturas-cortas","16":"product_tag-libros-para-ninos","17":"product_tag-preescolar-y-guarderias","18":"product_shipping_class-picture-books","20":"first","21":"instock","22":"downloadable","23":"shipping-taxable","24":"product-type-simple"},"_links":{"self":[{"href":"https:\/\/languages4kidz.com\/index.php?rest_route=\/wp\/v2\/product\/14702","targetHints":{"allow":["GET"]}}],"collection":[{"href":"https:\/\/languages4kidz.com\/index.php?rest_route=\/wp\/v2\/product"}],"about":[{"href":"https:\/\/languages4kidz.com\/index.php?rest_route=\/wp\/v2\/types\/product"}],"replies":[{"embeddable":true,"href":"https:\/\/languages4kidz.com\/index.php?rest_route=%2Fwp%2Fv2%2Fcomments&post=14702"}],"version-history":[{"count":11,"href":"https:\/\/languages4kidz.com\/index.php?rest_route=\/wp\/v2\/product\/14702\/revisions"}],"predecessor-version":[{"id":18328,"href":"https:\/\/languages4kidz.com\/index.php?rest_route=\/wp\/v2\/product\/14702\/revisions\/18328"}],"wp:featuredmedia":[{"embeddable":true,"href":"https:\/\/languages4kidz.com\/index.php?rest_route=\/wp\/v2\/media\/14745"}],"wp:attachment":[{"href":"https:\/\/languages4kidz.com\/index.php?rest_route=%2Fwp%2Fv2%2Fmedia&parent=14702"}],"wp:term":[{"taxonomy":"product_brand","embeddable":true,"href":"https:\/\/languages4kidz.com\/index.php?rest_route=%2Fwp%2Fv2%2Fproduct_brand&post=14702"},{"taxonomy":"product_cat","embeddable":true,"href":"https:\/\/languages4kidz.com\/index.php?rest_route=%2Fwp%2Fv2%2Fproduct_cat&post=14702"},{"taxonomy":"product_tag","embeddable":true,"href":"https:\/\/languages4kidz.com\/index.php?rest_route=%2Fwp%2Fv2%2Fproduct_tag&post=14702"}],"curies":[{"name":"wp","href":"https:\/\/api.w.org\/{rel}","templated":true}]}}