{"id":9380,"date":"2020-07-06T09:01:08","date_gmt":"2020-07-06T07:01:08","guid":{"rendered":"https:\/\/www.languages4kidz.com\/?page_id=9380"},"modified":"2021-09-02T21:55:24","modified_gmt":"2021-09-02T21:55:24","slug":"por-que-por-que-por-que-online-activities","status":"publish","type":"page","link":"https:\/\/languages4kidz.com\/?page_id=9380","title":{"rendered":"\u00bfPor qu\u00e9, por qu\u00e9, por qu\u00e9? online activities"},"content":{"rendered":"<p><img decoding=\"async\" src=\"https:\/\/languages4kidz.com\/wp-content\/uploads\/2021\/08\/Por-que-Copiar.jpg\" \/><\/p>\n<h3>Move the pieces around to form the image.<\/h3>\n<div class=\"bw-widget-wrapper\"><iframe allow=\"microphone *; microphone;\" src=\"https:\/\/www.bookwidgets.com\/play\/LBAAQL6\" class=\"bw-widget-frame\" width=\"1024\" height=\"768\"><\/iframe><\/div>\n<h3>Click the cards to find the matching pairs until all the cards have been matched.\u00a0<\/h3>\n<div class=\"bw-widget-wrapper\"><iframe allow=\"microphone *; microphone;\" src=\"https:\/\/www.bookwidgets.com\/play\/399W35\" class=\"bw-widget-frame\" width=\"1024\" height=\"768\"><\/iframe><\/div>\n<h3>Draw and color.<\/h3>\n<div class=\"bw-widget-wrapper\"><iframe allow=\"microphone *; microphone;\" src=\"https:\/\/www.bookwidgets.com\/play\/LBAASL4\" class=\"bw-widget-frame\" width=\"1024\" height=\"768\"><\/iframe><\/div>\n<h3>Color the owl.<\/h3>\n<div class=\"bw-widget-wrapper\"><iframe allow=\"microphone *; microphone;\" src=\"https:\/\/www.bookwidgets.com\/play\/K987KV\" class=\"bw-widget-frame\" width=\"1024\" height=\"768\"><\/iframe><\/div>\n<h3>Click on each Flashcard to view the name and listen to the pronunciation of the word.\u00a0Then continue by clicking the arrow on the right hand corner.<\/h3>\n<div class=\"bw-widget-wrapper\"><iframe allow=\"microphone *; microphone;\" src=\"https:\/\/www.bookwidgets.com\/play\/FBACZF5\" class=\"bw-widget-frame\" width=\"1024\" height=\"768\"><\/iframe><\/div>\n","protected":false},"excerpt":{"rendered":"<p>Move the pieces around to form the image. \u00a0 Click the cards to find the matching pairs until all the cards have been matched.\u00a0 \u00a0 Draw and color. \u00a0 Color the owl. \u00a0 Click on each Flashcard to view the name and listen to the pronunciation of the word.\u00a0Then continue by clicking the arrow on [&hellip;]<\/p>\n","protected":false},"author":3,"featured_media":0,"parent":0,"menu_order":0,"comment_status":"closed","ping_status":"closed","template":"","meta":{"footnotes":""},"class_list":["post-9380","page","type-page","status-publish","hentry"],"_links":{"self":[{"href":"https:\/\/languages4kidz.com\/index.php?rest_route=\/wp\/v2\/pages\/9380","targetHints":{"allow":["GET"]}}],"collection":[{"href":"https:\/\/languages4kidz.com\/index.php?rest_route=\/wp\/v2\/pages"}],"about":[{"href":"https:\/\/languages4kidz.com\/index.php?rest_route=\/wp\/v2\/types\/page"}],"author":[{"embeddable":true,"href":"https:\/\/languages4kidz.com\/index.php?rest_route=\/wp\/v2\/users\/3"}],"replies":[{"embeddable":true,"href":"https:\/\/languages4kidz.com\/index.php?rest_route=%2Fwp%2Fv2%2Fcomments&post=9380"}],"version-history":[{"count":1,"href":"https:\/\/languages4kidz.com\/index.php?rest_route=\/wp\/v2\/pages\/9380\/revisions"}],"predecessor-version":[{"id":18141,"href":"https:\/\/languages4kidz.com\/index.php?rest_route=\/wp\/v2\/pages\/9380\/revisions\/18141"}],"wp:attachment":[{"href":"https:\/\/languages4kidz.com\/index.php?rest_route=%2Fwp%2Fv2%2Fmedia&parent=9380"}],"curies":[{"name":"wp","href":"https:\/\/api.w.org\/{rel}","templated":true}]}}